{"id":338,"date":"2023-09-25T18:18:26","date_gmt":"2023-09-25T18:18:26","guid":{"rendered":"http:\/\/tuz-da.de\/?page_id=338"},"modified":"2024-03-08T16:04:23","modified_gmt":"2024-03-08T16:04:23","slug":"ueberuns-historie","status":"publish","type":"page","link":"https:\/\/tuz-da.de\/en\/ueberuns-historie\/","title":{"rendered":"History"},"content":{"rendered":"<div data-elementor-type=\"wp-page\" data-elementor-id=\"338\" class=\"elementor elementor-338\" data-elementor-post-type=\"page\">\n\t\t\t\t<div class=\"elementor-element elementor-element-53b2da4 e-flex e-con-boxed e-con e-parent\" data-id=\"53b2da4\" data-element_type=\"container\" data-e-type=\"container\">\n\t\t\t\t\t<div class=\"e-con-inner\">\n\t\t\t\t<div class=\"elementor-element elementor-element-15f1179 elementor-widget elementor-widget-spacer\" data-id=\"15f1179\" data-element_type=\"widget\" data-e-type=\"widget\" data-widget_type=\"spacer.default\">\n\t\t\t\t<div class=\"elementor-widget-container\">\n\t\t\t\t\t\t\t<div class=\"elementor-spacer\">\n\t\t\t<div class=\"elementor-spacer-inner\"><\/div>\n\t\t<\/div>\n\t\t\t\t\t\t<\/div>\n\t\t\t\t<\/div>\n\t\t\t\t\t<\/div>\n\t\t\t\t<\/div>\n\t\t<div class=\"elementor-element elementor-element-f62eda8 e-flex e-con-boxed e-con e-parent\" data-id=\"f62eda8\" data-element_type=\"container\" data-e-type=\"container\">\n\t\t\t\t\t<div class=\"e-con-inner\">\n\t\t\t\t<div class=\"elementor-element elementor-element-20f4afe elementor-widget elementor-widget-heading\" data-id=\"20f4afe\" data-element_type=\"widget\" data-e-type=\"widget\" data-widget_type=\"heading.default\">\n\t\t\t\t<div class=\"elementor-widget-container\">\n\t\t\t\t\t<h2 class=\"elementor-heading-title elementor-size-default\">History<\/h2>\t\t\t\t<\/div>\n\t\t\t\t<\/div>\n\t\t\t\t\t<\/div>\n\t\t\t\t<\/div>\n\t\t<div class=\"elementor-element elementor-element-2b05eb2 e-flex e-con-boxed e-con e-parent\" data-id=\"2b05eb2\" data-element_type=\"container\" data-e-type=\"container\">\n\t\t\t\t\t<div class=\"e-con-inner\">\n\t\t\t\t<div class=\"elementor-element elementor-element-e10fdbd elementor-widget elementor-widget-image\" data-id=\"e10fdbd\" data-element_type=\"widget\" data-e-type=\"widget\" data-widget_type=\"image.default\">\n\t\t\t\t<div class=\"elementor-widget-container\">\n\t\t\t\t\t\t\t\t\t\t\t\t\t\t\t<img fetchpriority=\"high\" decoding=\"async\" width=\"2560\" height=\"1097\" src=\"https:\/\/tuz-da.de\/wp-content\/uploads\/2023\/10\/07_Uebersicht_crop-scaled.jpg\" class=\"attachment-full size-full wp-image-500\" alt=\"\" srcset=\"https:\/\/tuz-da.de\/wp-content\/uploads\/2023\/10\/07_Uebersicht_crop-scaled.jpg 2560w, https:\/\/tuz-da.de\/wp-content\/uploads\/2023\/10\/07_Uebersicht_crop-scaled-600x257.jpg 600w, https:\/\/tuz-da.de\/wp-content\/uploads\/2023\/10\/07_Uebersicht_crop-300x129.jpg 300w, https:\/\/tuz-da.de\/wp-content\/uploads\/2023\/10\/07_Uebersicht_crop-1024x439.jpg 1024w, https:\/\/tuz-da.de\/wp-content\/uploads\/2023\/10\/07_Uebersicht_crop-768x329.jpg 768w, https:\/\/tuz-da.de\/wp-content\/uploads\/2023\/10\/07_Uebersicht_crop-1536x658.jpg 1536w, https:\/\/tuz-da.de\/wp-content\/uploads\/2023\/10\/07_Uebersicht_crop-2048x878.jpg 2048w\" sizes=\"(max-width: 2560px) 100vw, 2560px\" \/>\t\t\t\t\t\t\t\t\t\t\t\t\t\t\t<\/div>\n\t\t\t\t<\/div>\n\t\t\t\t\t<\/div>\n\t\t\t\t<\/div>\n\t\t<div class=\"elementor-element elementor-element-c6f2945 e-flex e-con-boxed e-con e-parent\" data-id=\"c6f2945\" data-element_type=\"container\" data-e-type=\"container\">\n\t\t\t\t\t<div class=\"e-con-inner\">\n\t\t\t\t<div class=\"elementor-element elementor-element-f82cc58 elementor-widget elementor-widget-text-editor\" data-id=\"f82cc58\" data-element_type=\"widget\" data-e-type=\"widget\" data-widget_type=\"text-editor.default\">\n\t\t\t\t<div class=\"elementor-widget-container\">\n\t\t\t\t\t\t\t\t\t<p>Our story begins in 2023, when we emerged as an independent company from the renowned emissions laboratory of T\u00dcV Hessen. Based in Germany, we are proud to be a leading technology and environmental institute specialising in the fields of future-oriented mobility, emissions measurement and technical solutions.<\/p><p>Since our foundation, we have set ourselves the goal of supporting companies in developing sustainable solutions, focussing on the resource-efficient use of costs, materials and energy. Our highly qualified team of engineers, scientists and external experts works closely with our customers to develop tailored solutions that meet their individual requirements.<\/p><p>Our wide range of services includes carrying out emission measurements on all common vehicle classes and types in accordance with worldwide guidelines. In addition to the latest European regulations, we have experience with regulations such as China, USA, Korea, etc. A wide range of homologation services and certification measurements can be provided by the neighbouring technical service T\u00dcV Hesse if required.<\/p><p>We are also proud to offer innovative technical solutions that help our customers improve their energy efficiency and reduce their carbon footprint. From the development of sustainable energy systems to the implementation of environmentally friendly technologies, we support companies in achieving their sustainability goals.<\/p><p>Our commitment to quality and customer satisfaction is very important to us. We work to ensure that our customers receive the best possible support. Our many years of experience and expertise enable us to offer innovative solutions that give our customers a competitive advantage.<\/p>\t\t\t\t\t\t\t\t<\/div>\n\t\t\t\t<\/div>\n\t\t\t\t\t<\/div>\n\t\t\t\t<\/div>\n\t\t<div class=\"elementor-element elementor-element-22562400 e-flex e-con-boxed e-con e-parent\" data-id=\"22562400\" data-element_type=\"container\" data-e-type=\"container\">\n\t\t\t\t\t<div class=\"e-con-inner\">\n\t\t<div class=\"elementor-element elementor-element-395140a e-con-full e-flex e-con e-child\" data-id=\"395140a\" data-element_type=\"container\" data-e-type=\"container\">\n\t\t\t\t<div class=\"elementor-element elementor-element-7dcc94b0 elementor-widget elementor-widget-spacer\" data-id=\"7dcc94b0\" data-element_type=\"widget\" data-e-type=\"widget\" data-widget_type=\"spacer.default\">\n\t\t\t\t<div class=\"elementor-widget-container\">\n\t\t\t\t\t\t\t<div class=\"elementor-spacer\">\n\t\t\t<div class=\"elementor-spacer-inner\"><\/div>\n\t\t<\/div>\n\t\t\t\t\t\t<\/div>\n\t\t\t\t<\/div>\n\t\t\t\t<div class=\"elementor-element elementor-element-1009a097 elementor-widget elementor-widget-heading\" data-id=\"1009a097\" data-element_type=\"widget\" data-e-type=\"widget\" data-widget_type=\"heading.default\">\n\t\t\t\t<div class=\"elementor-widget-container\">\n\t\t\t\t\t<h2 class=\"elementor-heading-title elementor-size-default\">Contact us <\/h2>\t\t\t\t<\/div>\n\t\t\t\t<\/div>\n\t\t\t\t<\/div>\n\t\t<div class=\"elementor-element elementor-element-6bb044de e-con-full e-flex e-con e-child\" data-id=\"6bb044de\" data-element_type=\"container\" data-e-type=\"container\">\n\t\t\t\t<div class=\"elementor-element elementor-element-5acc27eb elementor-widget elementor-widget-text-editor\" data-id=\"5acc27eb\" data-element_type=\"widget\" data-e-type=\"widget\" data-widget_type=\"text-editor.default\">\n\t\t\t\t<div class=\"elementor-widget-container\">\n\t\t\t\t\t\t\t\t\t<p>Have we sparked your interest or do you have any questions about our products or our research? Don't hesitate to get in touch with us!<\/p>\t\t\t\t\t\t\t\t<\/div>\n\t\t\t\t<\/div>\n\t\t\t\t<\/div>\n\t\t<div class=\"elementor-element elementor-element-7c9f56ba e-con-full e-flex e-con e-child\" data-id=\"7c9f56ba\" data-element_type=\"container\" data-e-type=\"container\">\n\t\t\t\t<div class=\"elementor-element elementor-element-30d841ce elementor-align-center elementor-widget elementor-widget-button\" data-id=\"30d841ce\" data-element_type=\"widget\" data-e-type=\"widget\" data-widget_type=\"button.default\">\n\t\t\t\t<div class=\"elementor-widget-container\">\n\t\t\t\t\t\t\t\t\t<div class=\"elementor-button-wrapper\">\n\t\t\t\t\t<a class=\"elementor-button elementor-button-link elementor-size-sm elementor-animation-grow\" href=\"https:\/\/tuz-da.de\/en\/kontakt\/\">\n\t\t\t\t\t\t<span class=\"elementor-button-content-wrapper\">\n\t\t\t\t\t\t\t\t\t<span class=\"elementor-button-text\">Contact us<\/span>\n\t\t\t\t\t<\/span>\n\t\t\t\t\t<\/a>\n\t\t\t\t<\/div>\n\t\t\t\t\t\t\t\t<\/div>\n\t\t\t\t<\/div>\n\t\t\t\t<\/div>\n\t\t<div class=\"elementor-element elementor-element-59e921af e-con-full e-flex e-con e-child\" data-id=\"59e921af\" data-element_type=\"container\" data-e-type=\"container\">\n\t\t\t\t<div class=\"elementor-element elementor-element-2e4a277 elementor-widget elementor-widget-spacer\" data-id=\"2e4a277\" data-element_type=\"widget\" data-e-type=\"widget\" data-widget_type=\"spacer.default\">\n\t\t\t\t<div class=\"elementor-widget-container\">\n\t\t\t\t\t\t\t<div class=\"elementor-spacer\">\n\t\t\t<div class=\"elementor-spacer-inner\"><\/div>\n\t\t<\/div>\n\t\t\t\t\t\t<\/div>\n\t\t\t\t<\/div>\n\t\t\t\t<\/div>\n\t\t\t\t\t<\/div>\n\t\t\t\t<\/div>\n\t\t\t\t<\/div>","protected":false},"excerpt":{"rendered":"<p>Historie Unsere Geschichte beginnt im Jahr 2023, als wir als eigenst\u00e4ndiges Unternehmen aus dem renommierten Emissionslabor des T\u00dcV Hessen hervorgegangen sind. Mit unserem Sitz in Deutschland sind wir stolz darauf, ein f\u00fchrendes Technologie- und Umweltzentrum zu sein, das sich auf die Bereiche zukunftsorientierte Mobilit\u00e4t, Emissionsmessung und technische L\u00f6sungen spezialisiert hat. Seit unserer Gr\u00fcndung haben wir [&hellip;]<\/p>\n","protected":false},"author":1,"featured_media":0,"parent":0,"menu_order":0,"comment_status":"closed","ping_status":"closed","template":"","meta":{"footnotes":""},"class_list":["post-338","page","type-page","status-publish","hentry"],"_links":{"self":[{"href":"https:\/\/tuz-da.de\/en\/wp-json\/wp\/v2\/pages\/338","targetHints":{"allow":["GET"]}}],"collection":[{"href":"https:\/\/tuz-da.de\/en\/wp-json\/wp\/v2\/pages"}],"about":[{"href":"https:\/\/tuz-da.de\/en\/wp-json\/wp\/v2\/types\/page"}],"author":[{"embeddable":true,"href":"https:\/\/tuz-da.de\/en\/wp-json\/wp\/v2\/users\/1"}],"replies":[{"embeddable":true,"href":"https:\/\/tuz-da.de\/en\/wp-json\/wp\/v2\/comments?post=338"}],"version-history":[{"count":63,"href":"https:\/\/tuz-da.de\/en\/wp-json\/wp\/v2\/pages\/338\/revisions"}],"predecessor-version":[{"id":2542,"href":"https:\/\/tuz-da.de\/en\/wp-json\/wp\/v2\/pages\/338\/revisions\/2542"}],"wp:attachment":[{"href":"https:\/\/tuz-da.de\/en\/wp-json\/wp\/v2\/media?parent=338"}],"curies":[{"name":"wp","href":"https:\/\/api.w.org\/{rel}","templated":true}]}}