{"id":1521,"date":"2023-12-18T11:14:34","date_gmt":"2023-12-18T11:14:34","guid":{"rendered":"https:\/\/tuz-da.de\/?page_id=1521"},"modified":"2024-03-08T18:25:54","modified_gmt":"2024-03-08T18:25:54","slug":"industriekunden-leichte-ein-und-mehrspurige-fahrzeuge","status":"publish","type":"page","link":"https:\/\/tuz-da.de\/en\/industriekunden-leichte-ein-und-mehrspurige-fahrzeuge\/","title":{"rendered":"Industriekunden > Leichte ein- und mehrspurige Fahrzeuge"},"content":{"rendered":"<div data-elementor-type=\"wp-page\" data-elementor-id=\"1521\" class=\"elementor elementor-1521\" data-elementor-post-type=\"page\">\n\t\t\t\t<div class=\"elementor-element elementor-element-51d7a0c4 e-flex e-con-boxed e-con e-parent\" data-id=\"51d7a0c4\" data-element_type=\"container\" data-e-type=\"container\">\n\t\t\t\t\t<div class=\"e-con-inner\">\n\t\t\t\t<div class=\"elementor-element elementor-element-48cab467 elementor-widget elementor-widget-spacer\" data-id=\"48cab467\" data-element_type=\"widget\" data-e-type=\"widget\" data-widget_type=\"spacer.default\">\n\t\t\t\t<div class=\"elementor-widget-container\">\n\t\t\t\t\t\t\t<div class=\"elementor-spacer\">\n\t\t\t<div class=\"elementor-spacer-inner\"><\/div>\n\t\t<\/div>\n\t\t\t\t\t\t<\/div>\n\t\t\t\t<\/div>\n\t\t\t\t\t<\/div>\n\t\t\t\t<\/div>\n\t\t<div class=\"elementor-element elementor-element-74baca1 e-flex e-con-boxed e-con e-parent\" data-id=\"74baca1\" data-element_type=\"container\" data-e-type=\"container\">\n\t\t\t\t\t<div class=\"e-con-inner\">\n\t\t\t\t<div class=\"elementor-element elementor-element-5a79d33d elementor-widget elementor-widget-heading\" data-id=\"5a79d33d\" data-element_type=\"widget\" data-e-type=\"widget\" data-widget_type=\"heading.default\">\n\t\t\t\t<div class=\"elementor-widget-container\">\n\t\t\t\t\t<h2 class=\"elementor-heading-title elementor-size-default\">Light single and multi-track Vehicles of EG class L and Electric Drives<\/h2>\t\t\t\t<\/div>\n\t\t\t\t<\/div>\n\t\t\t\t\t<\/div>\n\t\t\t\t<\/div>\n\t\t<div class=\"elementor-element elementor-element-78e2574f e-flex e-con-boxed e-con e-parent\" data-id=\"78e2574f\" data-element_type=\"container\" data-e-type=\"container\">\n\t\t\t\t\t<div class=\"e-con-inner\">\n\t\t<div class=\"elementor-element elementor-element-32b903bc e-con-full e-flex e-con e-child\" data-id=\"32b903bc\" data-element_type=\"container\" data-e-type=\"container\">\n\t\t\t\t<div class=\"elementor-element elementor-element-75cfe7eb elementor-widget elementor-widget-image\" data-id=\"75cfe7eb\" data-element_type=\"widget\" data-e-type=\"widget\" data-widget_type=\"image.default\">\n\t\t\t\t<div class=\"elementor-widget-container\">\n\t\t\t\t\t\t\t\t\t\t\t\t\t\t\t<img fetchpriority=\"high\" decoding=\"async\" width=\"2000\" height=\"1333\" src=\"https:\/\/tuz-da.de\/wp-content\/uploads\/2023\/12\/20220801-WA0002.jpg\" class=\"attachment-full size-full wp-image-1574\" alt=\"\" srcset=\"https:\/\/tuz-da.de\/wp-content\/uploads\/2023\/12\/20220801-WA0002.jpg 2000w, https:\/\/tuz-da.de\/wp-content\/uploads\/2023\/12\/20220801-WA0002-300x200.jpg 300w, https:\/\/tuz-da.de\/wp-content\/uploads\/2023\/12\/20220801-WA0002-1024x682.jpg 1024w, https:\/\/tuz-da.de\/wp-content\/uploads\/2023\/12\/20220801-WA0002-768x512.jpg 768w, https:\/\/tuz-da.de\/wp-content\/uploads\/2023\/12\/20220801-WA0002-1536x1024.jpg 1536w, https:\/\/tuz-da.de\/wp-content\/uploads\/2023\/12\/20220801-WA0002-600x400.jpg 600w\" sizes=\"(max-width: 2000px) 100vw, 2000px\" \/>\t\t\t\t\t\t\t\t\t\t\t\t\t\t\t<\/div>\n\t\t\t\t<\/div>\n\t\t\t\t<\/div>\n\t\t<div class=\"elementor-element elementor-element-2446874c e-con-full e-flex e-con e-child\" data-id=\"2446874c\" data-element_type=\"container\" data-e-type=\"container\">\n\t\t\t\t<div class=\"elementor-element elementor-element-4b37fc54 elementor-widget elementor-widget-text-editor\" data-id=\"4b37fc54\" data-element_type=\"widget\" data-e-type=\"widget\" data-widget_type=\"text-editor.default\">\n\t\t\t\t<div class=\"elementor-widget-container\">\n\t\t\t\t\t\t\t\t\t<p>The EG vehicle category L according to Regulation (EU) 2013\/168 is divided into a large number of subcategories. The subcategories divide the vehicles into two-wheeled or three-wheeled and sometimes also four-wheeled variants. Reference is also made to the maximum speed limit of 45 km\/h. According to Article 4 of the regulation, a distinction is made between classes in the groups from L1e to L7e.<\/p><p>Thanks to our highly flexible and highly dynamic roller dynamometer, we can also test two-wheeled vehicles such as motorcycles or S-pedelecs.<\/p><p>We would be happy to carry out a range determination or energy consumption measurement for purely electric drives or emission measurements on combustion engines together with you.<\/p>\t\t\t\t\t\t\t\t<\/div>\n\t\t\t\t<\/div>\n\t\t\t\t<\/div>\n\t\t\t\t\t<\/div>\n\t\t\t\t<\/div>\n\t\t<div class=\"elementor-element elementor-element-178324ec e-flex e-con-boxed e-con e-parent\" data-id=\"178324ec\" data-element_type=\"container\" data-e-type=\"container\">\n\t\t\t\t\t<div class=\"e-con-inner\">\n\t\t<div class=\"elementor-element elementor-element-5d6b1e86 e-con-full e-flex e-con e-child\" data-id=\"5d6b1e86\" data-element_type=\"container\" data-e-type=\"container\">\n\t\t\t\t<div class=\"elementor-element elementor-element-33f7fe60 elementor-widget elementor-widget-spacer\" data-id=\"33f7fe60\" data-element_type=\"widget\" data-e-type=\"widget\" data-widget_type=\"spacer.default\">\n\t\t\t\t<div class=\"elementor-widget-container\">\n\t\t\t\t\t\t\t<div class=\"elementor-spacer\">\n\t\t\t<div class=\"elementor-spacer-inner\"><\/div>\n\t\t<\/div>\n\t\t\t\t\t\t<\/div>\n\t\t\t\t<\/div>\n\t\t\t\t<div class=\"elementor-element elementor-element-3d5696fa elementor-widget elementor-widget-heading\" data-id=\"3d5696fa\" data-element_type=\"widget\" data-e-type=\"widget\" data-widget_type=\"heading.default\">\n\t\t\t\t<div class=\"elementor-widget-container\">\n\t\t\t\t\t<h2 class=\"elementor-heading-title elementor-size-default\">Contact us <\/h2>\t\t\t\t<\/div>\n\t\t\t\t<\/div>\n\t\t\t\t<\/div>\n\t\t<div class=\"elementor-element elementor-element-36afc377 e-con-full e-flex e-con e-child\" data-id=\"36afc377\" data-element_type=\"container\" data-e-type=\"container\">\n\t\t\t\t<div class=\"elementor-element elementor-element-7a29a3cc elementor-widget elementor-widget-text-editor\" data-id=\"7a29a3cc\" data-element_type=\"widget\" data-e-type=\"widget\" data-widget_type=\"text-editor.default\">\n\t\t\t\t<div class=\"elementor-widget-container\">\n\t\t\t\t\t\t\t\t\t<p>Have we sparked your interest or do you have any questions about our products or our research? Don't hesitate to get in touch with us!<\/p>\t\t\t\t\t\t\t\t<\/div>\n\t\t\t\t<\/div>\n\t\t\t\t<\/div>\n\t\t<div class=\"elementor-element elementor-element-607f32d8 e-con-full e-flex e-con e-child\" data-id=\"607f32d8\" data-element_type=\"container\" data-e-type=\"container\">\n\t\t\t\t<div class=\"elementor-element elementor-element-5d3af387 elementor-align-center elementor-widget elementor-widget-button\" data-id=\"5d3af387\" data-element_type=\"widget\" data-e-type=\"widget\" data-widget_type=\"button.default\">\n\t\t\t\t<div class=\"elementor-widget-container\">\n\t\t\t\t\t\t\t\t\t<div class=\"elementor-button-wrapper\">\n\t\t\t\t\t<a class=\"elementor-button elementor-button-link elementor-size-sm elementor-animation-grow\" href=\"https:\/\/tuz-da.de\/en\/kontakt\/\">\n\t\t\t\t\t\t<span class=\"elementor-button-content-wrapper\">\n\t\t\t\t\t\t\t\t\t<span class=\"elementor-button-text\">Contact us<\/span>\n\t\t\t\t\t<\/span>\n\t\t\t\t\t<\/a>\n\t\t\t\t<\/div>\n\t\t\t\t\t\t\t\t<\/div>\n\t\t\t\t<\/div>\n\t\t\t\t<\/div>\n\t\t<div class=\"elementor-element elementor-element-56e579f6 e-con-full e-flex e-con e-child\" data-id=\"56e579f6\" data-element_type=\"container\" data-e-type=\"container\">\n\t\t\t\t<div class=\"elementor-element elementor-element-6e60f18f elementor-widget elementor-widget-spacer\" data-id=\"6e60f18f\" data-element_type=\"widget\" data-e-type=\"widget\" data-widget_type=\"spacer.default\">\n\t\t\t\t<div class=\"elementor-widget-container\">\n\t\t\t\t\t\t\t<div class=\"elementor-spacer\">\n\t\t\t<div class=\"elementor-spacer-inner\"><\/div>\n\t\t<\/div>\n\t\t\t\t\t\t<\/div>\n\t\t\t\t<\/div>\n\t\t\t\t<\/div>\n\t\t\t\t\t<\/div>\n\t\t\t\t<\/div>\n\t\t\t\t<\/div>","protected":false},"excerpt":{"rendered":"<p>Leichte ein- und mehrspurige Fahrzeuge der EG Klasse L und elektrische Antriebe Die EG Fahrzeugklasse L nach der Verordnung (EU) 2013\/168 untergliedert sich eine Vielzahl von Unterklassen. Die Unterklassen teilen die Fahrzeuge in zweir\u00e4drige oder dreir\u00e4drige und teilweise auch vierr\u00e4drige Varianten auf. Weiterhin werden wird auch Bezug auf die H\u00f6chstgeschwindigkeitsgrenze von 45km\/h genommen. Nach Artikel [&hellip;]<\/p>\n","protected":false},"author":1,"featured_media":0,"parent":0,"menu_order":0,"comment_status":"closed","ping_status":"closed","template":"","meta":{"footnotes":""},"class_list":["post-1521","page","type-page","status-publish","hentry"],"_links":{"self":[{"href":"https:\/\/tuz-da.de\/en\/wp-json\/wp\/v2\/pages\/1521","targetHints":{"allow":["GET"]}}],"collection":[{"href":"https:\/\/tuz-da.de\/en\/wp-json\/wp\/v2\/pages"}],"about":[{"href":"https:\/\/tuz-da.de\/en\/wp-json\/wp\/v2\/types\/page"}],"author":[{"embeddable":true,"href":"https:\/\/tuz-da.de\/en\/wp-json\/wp\/v2\/users\/1"}],"replies":[{"embeddable":true,"href":"https:\/\/tuz-da.de\/en\/wp-json\/wp\/v2\/comments?post=1521"}],"version-history":[{"count":14,"href":"https:\/\/tuz-da.de\/en\/wp-json\/wp\/v2\/pages\/1521\/revisions"}],"predecessor-version":[{"id":2735,"href":"https:\/\/tuz-da.de\/en\/wp-json\/wp\/v2\/pages\/1521\/revisions\/2735"}],"wp:attachment":[{"href":"https:\/\/tuz-da.de\/en\/wp-json\/wp\/v2\/media?parent=1521"}],"curies":[{"name":"wp","href":"https:\/\/api.w.org\/{rel}","templated":true}]}}