{"id":1519,"date":"2023-12-18T11:14:09","date_gmt":"2023-12-18T11:14:09","guid":{"rendered":"https:\/\/tuz-da.de\/?page_id=1519"},"modified":"2024-03-08T18:29:37","modified_gmt":"2024-03-08T18:29:37","slug":"industriekunden-oem","status":"publish","type":"page","link":"https:\/\/tuz-da.de\/en\/industriekunden-oem\/","title":{"rendered":"Industriekunden > OEM"},"content":{"rendered":"<div data-elementor-type=\"wp-page\" data-elementor-id=\"1519\" class=\"elementor elementor-1519\" data-elementor-post-type=\"page\">\n\t\t\t\t<div class=\"elementor-element elementor-element-1bdcdd1e e-flex e-con-boxed e-con e-parent\" data-id=\"1bdcdd1e\" data-element_type=\"container\" data-e-type=\"container\">\n\t\t\t\t\t<div class=\"e-con-inner\">\n\t\t\t\t<div class=\"elementor-element elementor-element-52172f8d elementor-widget elementor-widget-spacer\" data-id=\"52172f8d\" data-element_type=\"widget\" data-e-type=\"widget\" data-widget_type=\"spacer.default\">\n\t\t\t\t<div class=\"elementor-widget-container\">\n\t\t\t\t\t\t\t<div class=\"elementor-spacer\">\n\t\t\t<div class=\"elementor-spacer-inner\"><\/div>\n\t\t<\/div>\n\t\t\t\t\t\t<\/div>\n\t\t\t\t<\/div>\n\t\t\t\t\t<\/div>\n\t\t\t\t<\/div>\n\t\t<div class=\"elementor-element elementor-element-7abbb6cd e-flex e-con-boxed e-con e-parent\" data-id=\"7abbb6cd\" data-element_type=\"container\" data-e-type=\"container\">\n\t\t\t\t\t<div class=\"e-con-inner\">\n\t\t\t\t<div class=\"elementor-element elementor-element-6db6e7a5 elementor-widget elementor-widget-heading\" data-id=\"6db6e7a5\" data-element_type=\"widget\" data-e-type=\"widget\" data-widget_type=\"heading.default\">\n\t\t\t\t<div class=\"elementor-widget-container\">\n\t\t\t\t\t<h2 class=\"elementor-heading-title elementor-size-default\">OEMs<\/h2>\t\t\t\t<\/div>\n\t\t\t\t<\/div>\n\t\t\t\t\t<\/div>\n\t\t\t\t<\/div>\n\t\t<div class=\"elementor-element elementor-element-3a4e21b3 e-flex e-con-boxed e-con e-parent\" data-id=\"3a4e21b3\" data-element_type=\"container\" data-e-type=\"container\">\n\t\t\t\t\t<div class=\"e-con-inner\">\n\t\t<div class=\"elementor-element elementor-element-ef20cbe e-con-full e-flex e-con e-child\" data-id=\"ef20cbe\" data-element_type=\"container\" data-e-type=\"container\">\n\t\t\t\t<div class=\"elementor-element elementor-element-48c2a939 elementor-widget elementor-widget-image\" data-id=\"48c2a939\" data-element_type=\"widget\" data-e-type=\"widget\" data-widget_type=\"image.default\">\n\t\t\t\t<div class=\"elementor-widget-container\">\n\t\t\t\t\t\t\t\t\t\t\t\t\t\t\t<img fetchpriority=\"high\" decoding=\"async\" width=\"2560\" height=\"1707\" src=\"https:\/\/tuz-da.de\/wp-content\/uploads\/2023\/12\/RL_230403_TUZ_244-scaled.jpg\" class=\"attachment-full size-full wp-image-1583\" alt=\"\" srcset=\"https:\/\/tuz-da.de\/wp-content\/uploads\/2023\/12\/RL_230403_TUZ_244-scaled.jpg 2560w, https:\/\/tuz-da.de\/wp-content\/uploads\/2023\/12\/RL_230403_TUZ_244-300x200.jpg 300w, https:\/\/tuz-da.de\/wp-content\/uploads\/2023\/12\/RL_230403_TUZ_244-1024x683.jpg 1024w, https:\/\/tuz-da.de\/wp-content\/uploads\/2023\/12\/RL_230403_TUZ_244-768x512.jpg 768w, https:\/\/tuz-da.de\/wp-content\/uploads\/2023\/12\/RL_230403_TUZ_244-1536x1024.jpg 1536w, https:\/\/tuz-da.de\/wp-content\/uploads\/2023\/12\/RL_230403_TUZ_244-2048x1365.jpg 2048w, https:\/\/tuz-da.de\/wp-content\/uploads\/2023\/12\/RL_230403_TUZ_244-600x400.jpg 600w\" sizes=\"(max-width: 2560px) 100vw, 2560px\" \/>\t\t\t\t\t\t\t\t\t\t\t\t\t\t\t<\/div>\n\t\t\t\t<\/div>\n\t\t\t\t<\/div>\n\t\t<div class=\"elementor-element elementor-element-23ffcd86 e-con-full e-flex e-con e-child\" data-id=\"23ffcd86\" data-element_type=\"container\" data-e-type=\"container\">\n\t\t\t\t<div class=\"elementor-element elementor-element-65fb0ffc elementor-widget elementor-widget-text-editor\" data-id=\"65fb0ffc\" data-element_type=\"widget\" data-e-type=\"widget\" data-widget_type=\"text-editor.default\">\n\t\t\t\t<div class=\"elementor-widget-container\">\n\t\t\t\t\t\t\t\t\t<p>With our strong partners T\u00dcV Hessen and T\u00dcV S\u00dcD, we have two highly competent and recognised technical services at our disposal to subject your product or components to a type test, production test (Conformity of Production COP) or market surveillance test (In Service Conformity ISC).<\/p><p>We can provide you with competent and targeted support, from individual acceptances to very small series and small batches to large series.<\/p>\t\t\t\t\t\t\t\t<\/div>\n\t\t\t\t<\/div>\n\t\t\t\t<\/div>\n\t\t\t\t\t<\/div>\n\t\t\t\t<\/div>\n\t\t<div class=\"elementor-element elementor-element-ec45d0a e-flex e-con-boxed e-con e-parent\" data-id=\"ec45d0a\" data-element_type=\"container\" data-e-type=\"container\">\n\t\t\t\t\t<div class=\"e-con-inner\">\n\t\t<div class=\"elementor-element elementor-element-4fe2a989 e-con-full e-flex e-con e-child\" data-id=\"4fe2a989\" data-element_type=\"container\" data-e-type=\"container\">\n\t\t\t\t<div class=\"elementor-element elementor-element-5c071446 elementor-widget elementor-widget-spacer\" data-id=\"5c071446\" data-element_type=\"widget\" data-e-type=\"widget\" data-widget_type=\"spacer.default\">\n\t\t\t\t<div class=\"elementor-widget-container\">\n\t\t\t\t\t\t\t<div class=\"elementor-spacer\">\n\t\t\t<div class=\"elementor-spacer-inner\"><\/div>\n\t\t<\/div>\n\t\t\t\t\t\t<\/div>\n\t\t\t\t<\/div>\n\t\t\t\t<div class=\"elementor-element elementor-element-3b92ce1a elementor-widget elementor-widget-heading\" data-id=\"3b92ce1a\" data-element_type=\"widget\" data-e-type=\"widget\" data-widget_type=\"heading.default\">\n\t\t\t\t<div class=\"elementor-widget-container\">\n\t\t\t\t\t<h2 class=\"elementor-heading-title elementor-size-default\">Contact us <\/h2>\t\t\t\t<\/div>\n\t\t\t\t<\/div>\n\t\t\t\t<\/div>\n\t\t<div class=\"elementor-element elementor-element-6c1943bf e-con-full e-flex e-con e-child\" data-id=\"6c1943bf\" data-element_type=\"container\" data-e-type=\"container\">\n\t\t\t\t<div class=\"elementor-element elementor-element-7350dd32 elementor-widget elementor-widget-text-editor\" data-id=\"7350dd32\" data-element_type=\"widget\" data-e-type=\"widget\" data-widget_type=\"text-editor.default\">\n\t\t\t\t<div class=\"elementor-widget-container\">\n\t\t\t\t\t\t\t\t\t<p>Have we sparked your interest or do you have any questions about our products or our research? Don't hesitate to get in touch with us!<\/p>\t\t\t\t\t\t\t\t<\/div>\n\t\t\t\t<\/div>\n\t\t\t\t<\/div>\n\t\t<div class=\"elementor-element elementor-element-abc6afc e-con-full e-flex e-con e-child\" data-id=\"abc6afc\" data-element_type=\"container\" data-e-type=\"container\">\n\t\t\t\t<div class=\"elementor-element elementor-element-351eaccf elementor-align-center elementor-widget elementor-widget-button\" data-id=\"351eaccf\" data-element_type=\"widget\" data-e-type=\"widget\" data-widget_type=\"button.default\">\n\t\t\t\t<div class=\"elementor-widget-container\">\n\t\t\t\t\t\t\t\t\t<div class=\"elementor-button-wrapper\">\n\t\t\t\t\t<a class=\"elementor-button elementor-button-link elementor-size-sm elementor-animation-grow\" href=\"https:\/\/tuz-da.de\/en\/kontakt\/\">\n\t\t\t\t\t\t<span class=\"elementor-button-content-wrapper\">\n\t\t\t\t\t\t\t\t\t<span class=\"elementor-button-text\">Contact us<\/span>\n\t\t\t\t\t<\/span>\n\t\t\t\t\t<\/a>\n\t\t\t\t<\/div>\n\t\t\t\t\t\t\t\t<\/div>\n\t\t\t\t<\/div>\n\t\t\t\t<\/div>\n\t\t<div class=\"elementor-element elementor-element-678ec09d e-con-full e-flex e-con e-child\" data-id=\"678ec09d\" data-element_type=\"container\" data-e-type=\"container\">\n\t\t\t\t<div class=\"elementor-element elementor-element-2a64013b elementor-widget elementor-widget-spacer\" data-id=\"2a64013b\" data-element_type=\"widget\" data-e-type=\"widget\" data-widget_type=\"spacer.default\">\n\t\t\t\t<div class=\"elementor-widget-container\">\n\t\t\t\t\t\t\t<div class=\"elementor-spacer\">\n\t\t\t<div class=\"elementor-spacer-inner\"><\/div>\n\t\t<\/div>\n\t\t\t\t\t\t<\/div>\n\t\t\t\t<\/div>\n\t\t\t\t<\/div>\n\t\t\t\t\t<\/div>\n\t\t\t\t<\/div>\n\t\t\t\t<\/div>","protected":false},"excerpt":{"rendered":"<p>OEM Mit unseren starken Partner T\u00dcV Hessen und T\u00dcV S\u00dcD stehen uns 2 h\u00f6chst kompetente und anerkannte Technische Dienste zur Verf\u00fcgung um ihr Produkt oder ihre Komponenten einer Typpr\u00fcfung, Produktions\u00fcberpr\u00fcfungen (Conformity of Production COP) oder Markt-\u00fcberwachungspr\u00fcfung (In Service Conformity ISC) zu unterziehen. Von Einzelabnahmen \u00fcber Kleinstserien und Kleinserien bis zu Gro\u00dfserie k\u00f6nnen wir Sie hier [&hellip;]<\/p>\n","protected":false},"author":1,"featured_media":0,"parent":0,"menu_order":0,"comment_status":"closed","ping_status":"closed","template":"","meta":{"footnotes":""},"class_list":["post-1519","page","type-page","status-publish","hentry"],"_links":{"self":[{"href":"https:\/\/tuz-da.de\/en\/wp-json\/wp\/v2\/pages\/1519","targetHints":{"allow":["GET"]}}],"collection":[{"href":"https:\/\/tuz-da.de\/en\/wp-json\/wp\/v2\/pages"}],"about":[{"href":"https:\/\/tuz-da.de\/en\/wp-json\/wp\/v2\/types\/page"}],"author":[{"embeddable":true,"href":"https:\/\/tuz-da.de\/en\/wp-json\/wp\/v2\/users\/1"}],"replies":[{"embeddable":true,"href":"https:\/\/tuz-da.de\/en\/wp-json\/wp\/v2\/comments?post=1519"}],"version-history":[{"count":17,"href":"https:\/\/tuz-da.de\/en\/wp-json\/wp\/v2\/pages\/1519\/revisions"}],"predecessor-version":[{"id":2745,"href":"https:\/\/tuz-da.de\/en\/wp-json\/wp\/v2\/pages\/1519\/revisions\/2745"}],"wp:attachment":[{"href":"https:\/\/tuz-da.de\/en\/wp-json\/wp\/v2\/media?parent=1519"}],"curies":[{"name":"wp","href":"https:\/\/api.w.org\/{rel}","templated":true}]}}