{"id":1515,"date":"2023-12-18T11:13:34","date_gmt":"2023-12-18T11:13:34","guid":{"rendered":"https:\/\/tuz-da.de\/?page_id=1515"},"modified":"2024-03-08T18:31:39","modified_gmt":"2024-03-08T18:31:39","slug":"industriekunden-sachverstaendigen-gutachten","status":"publish","type":"page","link":"https:\/\/tuz-da.de\/en\/industriekunden-sachverstaendigen-gutachten\/","title":{"rendered":"Industriekunden > Sachverst\u00e4ndigen Gutachten"},"content":{"rendered":"<div data-elementor-type=\"wp-page\" data-elementor-id=\"1515\" class=\"elementor elementor-1515\" data-elementor-post-type=\"page\">\n\t\t\t\t<div class=\"elementor-element elementor-element-60f178d5 e-flex e-con-boxed e-con e-parent\" data-id=\"60f178d5\" data-element_type=\"container\" data-e-type=\"container\">\n\t\t\t\t\t<div class=\"e-con-inner\">\n\t\t\t\t<div class=\"elementor-element elementor-element-c96fbc5 elementor-widget elementor-widget-spacer\" data-id=\"c96fbc5\" data-element_type=\"widget\" data-e-type=\"widget\" data-widget_type=\"spacer.default\">\n\t\t\t\t<div class=\"elementor-widget-container\">\n\t\t\t\t\t\t\t<div class=\"elementor-spacer\">\n\t\t\t<div class=\"elementor-spacer-inner\"><\/div>\n\t\t<\/div>\n\t\t\t\t\t\t<\/div>\n\t\t\t\t<\/div>\n\t\t\t\t\t<\/div>\n\t\t\t\t<\/div>\n\t\t<div class=\"elementor-element elementor-element-68e8ea0b e-flex e-con-boxed e-con e-parent\" data-id=\"68e8ea0b\" data-element_type=\"container\" data-e-type=\"container\">\n\t\t\t\t\t<div class=\"e-con-inner\">\n\t\t\t\t<div class=\"elementor-element elementor-element-91b48cb elementor-widget elementor-widget-heading\" data-id=\"91b48cb\" data-element_type=\"widget\" data-e-type=\"widget\" data-widget_type=\"heading.default\">\n\t\t\t\t<div class=\"elementor-widget-container\">\n\t\t\t\t\t<h2 class=\"elementor-heading-title elementor-size-default\">Expert Reports<\/h2>\t\t\t\t<\/div>\n\t\t\t\t<\/div>\n\t\t\t\t\t<\/div>\n\t\t\t\t<\/div>\n\t\t<div class=\"elementor-element elementor-element-72e60275 e-flex e-con-boxed e-con e-parent\" data-id=\"72e60275\" data-element_type=\"container\" data-e-type=\"container\">\n\t\t\t\t\t<div class=\"e-con-inner\">\n\t\t<div class=\"elementor-element elementor-element-499c279a e-con-full e-flex e-con e-child\" data-id=\"499c279a\" data-element_type=\"container\" data-e-type=\"container\">\n\t\t\t\t<div class=\"elementor-element elementor-element-58c50ec3 elementor-widget elementor-widget-image\" data-id=\"58c50ec3\" data-element_type=\"widget\" data-e-type=\"widget\" data-widget_type=\"image.default\">\n\t\t\t\t<div class=\"elementor-widget-container\">\n\t\t\t\t\t\t\t\t\t\t\t\t\t\t\t<img fetchpriority=\"high\" decoding=\"async\" width=\"2560\" height=\"1707\" src=\"https:\/\/tuz-da.de\/wp-content\/uploads\/2023\/12\/RL_230316_TUZ_59-scaled.jpg\" class=\"attachment-full size-full wp-image-1581\" alt=\"\" srcset=\"https:\/\/tuz-da.de\/wp-content\/uploads\/2023\/12\/RL_230316_TUZ_59-scaled.jpg 2560w, https:\/\/tuz-da.de\/wp-content\/uploads\/2023\/12\/RL_230316_TUZ_59-300x200.jpg 300w, https:\/\/tuz-da.de\/wp-content\/uploads\/2023\/12\/RL_230316_TUZ_59-1024x683.jpg 1024w, https:\/\/tuz-da.de\/wp-content\/uploads\/2023\/12\/RL_230316_TUZ_59-768x512.jpg 768w, https:\/\/tuz-da.de\/wp-content\/uploads\/2023\/12\/RL_230316_TUZ_59-1536x1024.jpg 1536w, https:\/\/tuz-da.de\/wp-content\/uploads\/2023\/12\/RL_230316_TUZ_59-2048x1365.jpg 2048w, https:\/\/tuz-da.de\/wp-content\/uploads\/2023\/12\/RL_230316_TUZ_59-600x400.jpg 600w\" sizes=\"(max-width: 2560px) 100vw, 2560px\" \/>\t\t\t\t\t\t\t\t\t\t\t\t\t\t\t<\/div>\n\t\t\t\t<\/div>\n\t\t\t\t<\/div>\n\t\t<div class=\"elementor-element elementor-element-331f3dcb e-con-full e-flex e-con e-child\" data-id=\"331f3dcb\" data-element_type=\"container\" data-e-type=\"container\">\n\t\t\t\t<div class=\"elementor-element elementor-element-15648dbd elementor-widget elementor-widget-text-editor\" data-id=\"15648dbd\" data-element_type=\"widget\" data-e-type=\"widget\" data-widget_type=\"text-editor.default\">\n\t\t\t\t<div class=\"elementor-widget-container\">\n\t\t\t\t\t\t\t\t\t<p>Have you been commissioned or ordered an expert report in the field of emissions, consumption or electric ranges? Are you to investigate illegal switch-off devices or actual consumption in road traffic? Has a vehicle with presumably illegal performance enhancements or conversions been immobilised?<\/p><p>We can support you with a variety of solutions and extensive experience in this area. <\/p>\t\t\t\t\t\t\t\t<\/div>\n\t\t\t\t<\/div>\n\t\t\t\t<\/div>\n\t\t\t\t\t<\/div>\n\t\t\t\t<\/div>\n\t\t<div class=\"elementor-element elementor-element-4c04d3a9 e-flex e-con-boxed e-con e-parent\" data-id=\"4c04d3a9\" data-element_type=\"container\" data-e-type=\"container\">\n\t\t\t\t\t<div class=\"e-con-inner\">\n\t\t<div class=\"elementor-element elementor-element-4aff8d49 e-con-full e-flex e-con e-child\" data-id=\"4aff8d49\" data-element_type=\"container\" data-e-type=\"container\">\n\t\t\t\t<div class=\"elementor-element elementor-element-c8f1279 elementor-widget elementor-widget-spacer\" data-id=\"c8f1279\" data-element_type=\"widget\" data-e-type=\"widget\" data-widget_type=\"spacer.default\">\n\t\t\t\t<div class=\"elementor-widget-container\">\n\t\t\t\t\t\t\t<div class=\"elementor-spacer\">\n\t\t\t<div class=\"elementor-spacer-inner\"><\/div>\n\t\t<\/div>\n\t\t\t\t\t\t<\/div>\n\t\t\t\t<\/div>\n\t\t\t\t<div class=\"elementor-element elementor-element-169d13d4 elementor-widget elementor-widget-heading\" data-id=\"169d13d4\" data-element_type=\"widget\" data-e-type=\"widget\" data-widget_type=\"heading.default\">\n\t\t\t\t<div class=\"elementor-widget-container\">\n\t\t\t\t\t<h2 class=\"elementor-heading-title elementor-size-default\">Contact us <\/h2>\t\t\t\t<\/div>\n\t\t\t\t<\/div>\n\t\t\t\t<\/div>\n\t\t<div class=\"elementor-element elementor-element-332558b1 e-con-full e-flex e-con e-child\" data-id=\"332558b1\" data-element_type=\"container\" data-e-type=\"container\">\n\t\t\t\t<div class=\"elementor-element elementor-element-17ec2ab8 elementor-widget elementor-widget-text-editor\" data-id=\"17ec2ab8\" data-element_type=\"widget\" data-e-type=\"widget\" data-widget_type=\"text-editor.default\">\n\t\t\t\t<div class=\"elementor-widget-container\">\n\t\t\t\t\t\t\t\t\t<p>Have we sparked your interest or do you have any questions about our products or our research? Don't hesitate to get in touch with us!<\/p>\t\t\t\t\t\t\t\t<\/div>\n\t\t\t\t<\/div>\n\t\t\t\t<\/div>\n\t\t<div class=\"elementor-element elementor-element-2d49fa8c e-con-full e-flex e-con e-child\" data-id=\"2d49fa8c\" data-element_type=\"container\" data-e-type=\"container\">\n\t\t\t\t<div class=\"elementor-element elementor-element-78efdc58 elementor-align-center elementor-widget elementor-widget-button\" data-id=\"78efdc58\" data-element_type=\"widget\" data-e-type=\"widget\" data-widget_type=\"button.default\">\n\t\t\t\t<div class=\"elementor-widget-container\">\n\t\t\t\t\t\t\t\t\t<div class=\"elementor-button-wrapper\">\n\t\t\t\t\t<a class=\"elementor-button elementor-button-link elementor-size-sm elementor-animation-grow\" href=\"https:\/\/tuz-da.de\/en\/kontakt\/\">\n\t\t\t\t\t\t<span class=\"elementor-button-content-wrapper\">\n\t\t\t\t\t\t\t\t\t<span class=\"elementor-button-text\">Contact us<\/span>\n\t\t\t\t\t<\/span>\n\t\t\t\t\t<\/a>\n\t\t\t\t<\/div>\n\t\t\t\t\t\t\t\t<\/div>\n\t\t\t\t<\/div>\n\t\t\t\t<\/div>\n\t\t<div class=\"elementor-element elementor-element-af3c0c e-con-full e-flex e-con e-child\" data-id=\"af3c0c\" data-element_type=\"container\" data-e-type=\"container\">\n\t\t\t\t<div class=\"elementor-element elementor-element-25fee7b3 elementor-widget elementor-widget-spacer\" data-id=\"25fee7b3\" data-element_type=\"widget\" data-e-type=\"widget\" data-widget_type=\"spacer.default\">\n\t\t\t\t<div class=\"elementor-widget-container\">\n\t\t\t\t\t\t\t<div class=\"elementor-spacer\">\n\t\t\t<div class=\"elementor-spacer-inner\"><\/div>\n\t\t<\/div>\n\t\t\t\t\t\t<\/div>\n\t\t\t\t<\/div>\n\t\t\t\t<\/div>\n\t\t\t\t\t<\/div>\n\t\t\t\t<\/div>\n\t\t\t\t<\/div>","protected":false},"excerpt":{"rendered":"<p>Sachverst\u00e4ndigen Gutachten Sind Sie beauftragt oder bestellt ein Sachverst\u00e4ndigen Gutachten im Bereich von Emissionen, Verbrauch oder elektrischer Reichweiten? Sollen Sie illegale Abschaltvorrichtungen oder reale Verbr\u00e4uche im Stra\u00dfenverkehr ermitteln? Wurde ein Fahrzeug mit vermutlich illegaler Leistungssteigerung oder Umbauten stillgelegt? Wir k\u00f6nnen Sie mit einer Vielzahl von L\u00f6sungen und reichhaltiger Erfahrung in diesen Bereich unterst\u00fctzen. Kontaktieren Sie [&hellip;]<\/p>\n","protected":false},"author":1,"featured_media":0,"parent":0,"menu_order":0,"comment_status":"closed","ping_status":"closed","template":"","meta":{"footnotes":""},"class_list":["post-1515","page","type-page","status-publish","hentry"],"_links":{"self":[{"href":"https:\/\/tuz-da.de\/en\/wp-json\/wp\/v2\/pages\/1515","targetHints":{"allow":["GET"]}}],"collection":[{"href":"https:\/\/tuz-da.de\/en\/wp-json\/wp\/v2\/pages"}],"about":[{"href":"https:\/\/tuz-da.de\/en\/wp-json\/wp\/v2\/types\/page"}],"author":[{"embeddable":true,"href":"https:\/\/tuz-da.de\/en\/wp-json\/wp\/v2\/users\/1"}],"replies":[{"embeddable":true,"href":"https:\/\/tuz-da.de\/en\/wp-json\/wp\/v2\/comments?post=1515"}],"version-history":[{"count":14,"href":"https:\/\/tuz-da.de\/en\/wp-json\/wp\/v2\/pages\/1515\/revisions"}],"predecessor-version":[{"id":2752,"href":"https:\/\/tuz-da.de\/en\/wp-json\/wp\/v2\/pages\/1515\/revisions\/2752"}],"wp:attachment":[{"href":"https:\/\/tuz-da.de\/en\/wp-json\/wp\/v2\/media?parent=1515"}],"curies":[{"name":"wp","href":"https:\/\/api.w.org\/{rel}","templated":true}]}}