{"id":1513,"date":"2023-12-18T11:13:01","date_gmt":"2023-12-18T11:13:01","guid":{"rendered":"https:\/\/tuz-da.de\/?page_id=1513"},"modified":"2024-03-08T18:38:53","modified_gmt":"2024-03-08T18:38:53","slug":"industriekunden-zertifizierung-tuev","status":"publish","type":"page","link":"https:\/\/tuz-da.de\/en\/industriekunden-zertifizierung-tuev\/","title":{"rendered":"Industriekunden > Zertifizierung\/T\u00dcV"},"content":{"rendered":"<div data-elementor-type=\"wp-page\" data-elementor-id=\"1513\" class=\"elementor elementor-1513\" data-elementor-post-type=\"page\">\n\t\t\t\t<div class=\"elementor-element elementor-element-62abe6f7 e-flex e-con-boxed e-con e-parent\" data-id=\"62abe6f7\" data-element_type=\"container\" data-e-type=\"container\">\n\t\t\t\t\t<div class=\"e-con-inner\">\n\t\t\t\t<div class=\"elementor-element elementor-element-92ba07a elementor-widget elementor-widget-spacer\" data-id=\"92ba07a\" data-element_type=\"widget\" data-e-type=\"widget\" data-widget_type=\"spacer.default\">\n\t\t\t\t<div class=\"elementor-widget-container\">\n\t\t\t\t\t\t\t<div class=\"elementor-spacer\">\n\t\t\t<div class=\"elementor-spacer-inner\"><\/div>\n\t\t<\/div>\n\t\t\t\t\t\t<\/div>\n\t\t\t\t<\/div>\n\t\t\t\t\t<\/div>\n\t\t\t\t<\/div>\n\t\t<div class=\"elementor-element elementor-element-39d0e748 e-flex e-con-boxed e-con e-parent\" data-id=\"39d0e748\" data-element_type=\"container\" data-e-type=\"container\">\n\t\t\t\t\t<div class=\"e-con-inner\">\n\t\t\t\t<div class=\"elementor-element elementor-element-5660eace elementor-widget elementor-widget-heading\" data-id=\"5660eace\" data-element_type=\"widget\" data-e-type=\"widget\" data-widget_type=\"heading.default\">\n\t\t\t\t<div class=\"elementor-widget-container\">\n\t\t\t\t\t<h2 class=\"elementor-heading-title elementor-size-default\">Certification\/T\u00dcV<\/h2>\t\t\t\t<\/div>\n\t\t\t\t<\/div>\n\t\t\t\t\t<\/div>\n\t\t\t\t<\/div>\n\t\t<div class=\"elementor-element elementor-element-4cad10b5 e-flex e-con-boxed e-con e-parent\" data-id=\"4cad10b5\" data-element_type=\"container\" data-e-type=\"container\">\n\t\t\t\t\t<div class=\"e-con-inner\">\n\t\t<div class=\"elementor-element elementor-element-255038ab e-con-full e-flex e-con e-child\" data-id=\"255038ab\" data-element_type=\"container\" data-e-type=\"container\">\n\t\t\t\t<div class=\"elementor-element elementor-element-16b651f6 elementor-widget elementor-widget-image\" data-id=\"16b651f6\" data-element_type=\"widget\" data-e-type=\"widget\" data-widget_type=\"image.default\">\n\t\t\t\t<div class=\"elementor-widget-container\">\n\t\t\t\t\t\t\t\t\t\t\t\t\t\t\t<img fetchpriority=\"high\" decoding=\"async\" width=\"2560\" height=\"1707\" src=\"https:\/\/tuz-da.de\/wp-content\/uploads\/2023\/12\/RL_230316_TUZ_72-scaled.jpg\" class=\"attachment-full size-full wp-image-1585\" alt=\"\" srcset=\"https:\/\/tuz-da.de\/wp-content\/uploads\/2023\/12\/RL_230316_TUZ_72-scaled.jpg 2560w, https:\/\/tuz-da.de\/wp-content\/uploads\/2023\/12\/RL_230316_TUZ_72-300x200.jpg 300w, https:\/\/tuz-da.de\/wp-content\/uploads\/2023\/12\/RL_230316_TUZ_72-1024x683.jpg 1024w, https:\/\/tuz-da.de\/wp-content\/uploads\/2023\/12\/RL_230316_TUZ_72-768x512.jpg 768w, https:\/\/tuz-da.de\/wp-content\/uploads\/2023\/12\/RL_230316_TUZ_72-1536x1024.jpg 1536w, https:\/\/tuz-da.de\/wp-content\/uploads\/2023\/12\/RL_230316_TUZ_72-2048x1365.jpg 2048w, https:\/\/tuz-da.de\/wp-content\/uploads\/2023\/12\/RL_230316_TUZ_72-600x400.jpg 600w\" sizes=\"(max-width: 2560px) 100vw, 2560px\" \/>\t\t\t\t\t\t\t\t\t\t\t\t\t\t\t<\/div>\n\t\t\t\t<\/div>\n\t\t\t\t<\/div>\n\t\t<div class=\"elementor-element elementor-element-6b357490 e-con-full e-flex e-con e-child\" data-id=\"6b357490\" data-element_type=\"container\" data-e-type=\"container\">\n\t\t\t\t<div class=\"elementor-element elementor-element-3c390b61 elementor-widget elementor-widget-text-editor\" data-id=\"3c390b61\" data-element_type=\"widget\" data-e-type=\"widget\" data-widget_type=\"text-editor.default\">\n\t\t\t\t<div class=\"elementor-widget-container\">\n\t\t\t\t\t\t\t\t\t<p>Do you already have a fully developed product or a vehicle or engine and want to subject it to a technical type test?<\/p><p>In cooperation with T\u00dcV Hessen or T\u00dcV S\u00dcD, we can offer, accompany and carry out the necessary type tests in our laboratory. Of course, you are also welcome to have the tests carried out by a technical service of your choice.<\/p>\t\t\t\t\t\t\t\t<\/div>\n\t\t\t\t<\/div>\n\t\t\t\t<\/div>\n\t\t\t\t\t<\/div>\n\t\t\t\t<\/div>\n\t\t<div class=\"elementor-element elementor-element-57827049 e-flex e-con-boxed e-con e-parent\" data-id=\"57827049\" data-element_type=\"container\" data-e-type=\"container\">\n\t\t\t\t\t<div class=\"e-con-inner\">\n\t\t\t\t<div class=\"elementor-element elementor-element-78b7738d elementor-widget elementor-widget-text-editor\" data-id=\"78b7738d\" data-element_type=\"widget\" data-e-type=\"widget\" data-widget_type=\"text-editor.default\">\n\t\t\t\t<div class=\"elementor-widget-container\">\n\t\t\t\t\t\t\t\t\t<p>We can map type tests in the following applications in our laboratory:<\/p><ul><li>Emission roller dynamometer<\/li><li>Electric range determination<\/li><li>Electrical consumption measurement<\/li><li>Highly dynamic engine test bench<\/li><li>Static engine test bench<\/li><li>Portable emission measurement technology PEMS for real road driving for passenger cars and light duty<\/li><li>Portable emission measurement technology PEMS for real road driving for commercial vehicles and heavy duty<\/li><li>Portable Emissionsmesstechnik PEMS f\u00fcr reale Stra\u00dfenfahrten f\u00fcr NRMM und Schiffe<\/li><li>Evaporate SHED Kammer<\/li><\/ul>\t\t\t\t\t\t\t\t<\/div>\n\t\t\t\t<\/div>\n\t\t\t\t\t<\/div>\n\t\t\t\t<\/div>\n\t\t<div class=\"elementor-element elementor-element-5d751ae4 e-flex e-con-boxed e-con e-parent\" data-id=\"5d751ae4\" data-element_type=\"container\" data-e-type=\"container\">\n\t\t\t\t\t<div class=\"e-con-inner\">\n\t\t<div class=\"elementor-element elementor-element-450d9956 e-con-full e-flex e-con e-child\" data-id=\"450d9956\" data-element_type=\"container\" data-e-type=\"container\">\n\t\t\t\t<div class=\"elementor-element elementor-element-7bad588e elementor-widget elementor-widget-spacer\" data-id=\"7bad588e\" data-element_type=\"widget\" data-e-type=\"widget\" data-widget_type=\"spacer.default\">\n\t\t\t\t<div class=\"elementor-widget-container\">\n\t\t\t\t\t\t\t<div class=\"elementor-spacer\">\n\t\t\t<div class=\"elementor-spacer-inner\"><\/div>\n\t\t<\/div>\n\t\t\t\t\t\t<\/div>\n\t\t\t\t<\/div>\n\t\t\t\t<div class=\"elementor-element elementor-element-62122a03 elementor-widget elementor-widget-heading\" data-id=\"62122a03\" data-element_type=\"widget\" data-e-type=\"widget\" data-widget_type=\"heading.default\">\n\t\t\t\t<div class=\"elementor-widget-container\">\n\t\t\t\t\t<h2 class=\"elementor-heading-title elementor-size-default\">Contact us <\/h2>\t\t\t\t<\/div>\n\t\t\t\t<\/div>\n\t\t\t\t<\/div>\n\t\t<div class=\"elementor-element elementor-element-412e2458 e-con-full e-flex e-con e-child\" data-id=\"412e2458\" data-element_type=\"container\" data-e-type=\"container\">\n\t\t\t\t<div class=\"elementor-element elementor-element-78fd7347 elementor-widget elementor-widget-text-editor\" data-id=\"78fd7347\" data-element_type=\"widget\" data-e-type=\"widget\" data-widget_type=\"text-editor.default\">\n\t\t\t\t<div class=\"elementor-widget-container\">\n\t\t\t\t\t\t\t\t\t<p>Have we sparked your interest or do you have any questions about our products or our research? Don't hesitate to get in touch with us!<\/p>\t\t\t\t\t\t\t\t<\/div>\n\t\t\t\t<\/div>\n\t\t\t\t<\/div>\n\t\t<div class=\"elementor-element elementor-element-e499ec1 e-con-full e-flex e-con e-child\" data-id=\"e499ec1\" data-element_type=\"container\" data-e-type=\"container\">\n\t\t\t\t<div class=\"elementor-element elementor-element-27f217bd elementor-align-center elementor-widget elementor-widget-button\" data-id=\"27f217bd\" data-element_type=\"widget\" data-e-type=\"widget\" data-widget_type=\"button.default\">\n\t\t\t\t<div class=\"elementor-widget-container\">\n\t\t\t\t\t\t\t\t\t<div class=\"elementor-button-wrapper\">\n\t\t\t\t\t<a class=\"elementor-button elementor-button-link elementor-size-sm elementor-animation-grow\" href=\"https:\/\/tuz-da.de\/en\/kontakt\/\">\n\t\t\t\t\t\t<span class=\"elementor-button-content-wrapper\">\n\t\t\t\t\t\t\t\t\t<span class=\"elementor-button-text\">Contact us<\/span>\n\t\t\t\t\t<\/span>\n\t\t\t\t\t<\/a>\n\t\t\t\t<\/div>\n\t\t\t\t\t\t\t\t<\/div>\n\t\t\t\t<\/div>\n\t\t\t\t<\/div>\n\t\t<div class=\"elementor-element elementor-element-71d3c34f e-con-full e-flex e-con e-child\" data-id=\"71d3c34f\" data-element_type=\"container\" data-e-type=\"container\">\n\t\t\t\t<div class=\"elementor-element elementor-element-759deb95 elementor-widget elementor-widget-spacer\" data-id=\"759deb95\" data-element_type=\"widget\" data-e-type=\"widget\" data-widget_type=\"spacer.default\">\n\t\t\t\t<div class=\"elementor-widget-container\">\n\t\t\t\t\t\t\t<div class=\"elementor-spacer\">\n\t\t\t<div class=\"elementor-spacer-inner\"><\/div>\n\t\t<\/div>\n\t\t\t\t\t\t<\/div>\n\t\t\t\t<\/div>\n\t\t\t\t<\/div>\n\t\t\t\t\t<\/div>\n\t\t\t\t<\/div>\n\t\t\t\t<\/div>","protected":false},"excerpt":{"rendered":"<p>Zertifizierung\/T\u00dcV Sie haben bereits ein fertig entwickeltes Produkt oder ein Fahrzeug oder Motor und wollen es einer technischen Typpr\u00fcfung unterziehen? In Zusammenarbeit mit dem T\u00dcV Hessen oder dem T\u00dcV S\u00dcD k\u00f6nnen wir die dazu notwendigen Typpr\u00fcfungen bei uns im Labor anbieten, begleiten und durchf\u00fchren. Gerne k\u00f6nnen Sie nat\u00fcrlich auch mit einem technischen Dienst ihrer Wahl [&hellip;]<\/p>\n","protected":false},"author":1,"featured_media":0,"parent":0,"menu_order":0,"comment_status":"closed","ping_status":"closed","template":"","meta":{"footnotes":""},"class_list":["post-1513","page","type-page","status-publish","hentry"],"_links":{"self":[{"href":"https:\/\/tuz-da.de\/en\/wp-json\/wp\/v2\/pages\/1513","targetHints":{"allow":["GET"]}}],"collection":[{"href":"https:\/\/tuz-da.de\/en\/wp-json\/wp\/v2\/pages"}],"about":[{"href":"https:\/\/tuz-da.de\/en\/wp-json\/wp\/v2\/types\/page"}],"author":[{"embeddable":true,"href":"https:\/\/tuz-da.de\/en\/wp-json\/wp\/v2\/users\/1"}],"replies":[{"embeddable":true,"href":"https:\/\/tuz-da.de\/en\/wp-json\/wp\/v2\/comments?post=1513"}],"version-history":[{"count":14,"href":"https:\/\/tuz-da.de\/en\/wp-json\/wp\/v2\/pages\/1513\/revisions"}],"predecessor-version":[{"id":2766,"href":"https:\/\/tuz-da.de\/en\/wp-json\/wp\/v2\/pages\/1513\/revisions\/2766"}],"wp:attachment":[{"href":"https:\/\/tuz-da.de\/en\/wp-json\/wp\/v2\/media?parent=1513"}],"curies":[{"name":"wp","href":"https:\/\/api.w.org\/{rel}","templated":true}]}}