{"id":1327,"date":"2023-12-12T12:06:30","date_gmt":"2023-12-12T12:06:30","guid":{"rendered":"https:\/\/tuz-da.de\/?page_id=1327"},"modified":"2024-03-08T17:31:10","modified_gmt":"2024-03-08T17:31:10","slug":"forschungentwicklung-ki-zur-alterungsidentifikation-von-abgaskatalysatoren","status":"publish","type":"page","link":"https:\/\/tuz-da.de\/en\/forschungentwicklung-ki-zur-alterungsidentifikation-von-abgaskatalysatoren\/","title":{"rendered":"Forschung &#038; Entwicklung > KI zur Alterungsidentifikation von Abgaskatalysatoren"},"content":{"rendered":"<div data-elementor-type=\"wp-page\" data-elementor-id=\"1327\" class=\"elementor elementor-1327\" data-elementor-post-type=\"page\">\n\t\t\t\t<div class=\"elementor-element elementor-element-6194ee00 e-flex e-con-boxed e-con e-parent\" data-id=\"6194ee00\" data-element_type=\"container\" data-e-type=\"container\">\n\t\t\t\t\t<div class=\"e-con-inner\">\n\t\t\t\t<div class=\"elementor-element elementor-element-4376f7c5 elementor-widget elementor-widget-spacer\" data-id=\"4376f7c5\" data-element_type=\"widget\" data-e-type=\"widget\" data-widget_type=\"spacer.default\">\n\t\t\t\t<div class=\"elementor-widget-container\">\n\t\t\t\t\t\t\t<div class=\"elementor-spacer\">\n\t\t\t<div class=\"elementor-spacer-inner\"><\/div>\n\t\t<\/div>\n\t\t\t\t\t\t<\/div>\n\t\t\t\t<\/div>\n\t\t\t\t\t<\/div>\n\t\t\t\t<\/div>\n\t\t<div class=\"elementor-element elementor-element-71cacfc0 e-flex e-con-boxed e-con e-parent\" data-id=\"71cacfc0\" data-element_type=\"container\" data-e-type=\"container\">\n\t\t\t\t\t<div class=\"e-con-inner\">\n\t\t\t\t<div class=\"elementor-element elementor-element-4c3131ef elementor-widget elementor-widget-heading\" data-id=\"4c3131ef\" data-element_type=\"widget\" data-e-type=\"widget\" data-widget_type=\"heading.default\">\n\t\t\t\t<div class=\"elementor-widget-container\">\n\t\t\t\t\t<h2 class=\"elementor-heading-title elementor-size-default\">KI-basierte Alterungsdetektion von Abgaskatalysatoren<\/h2>\t\t\t\t<\/div>\n\t\t\t\t<\/div>\n\t\t\t\t\t<\/div>\n\t\t\t\t<\/div>\n\t\t<div class=\"elementor-element elementor-element-6df2fcec e-flex e-con-boxed e-con e-parent\" data-id=\"6df2fcec\" data-element_type=\"container\" data-e-type=\"container\">\n\t\t\t\t\t<div class=\"e-con-inner\">\n\t\t<div class=\"elementor-element elementor-element-3383fb0b e-con-full e-flex e-con e-child\" data-id=\"3383fb0b\" data-element_type=\"container\" data-e-type=\"container\">\n\t\t\t\t<div class=\"elementor-element elementor-element-73a97a5a elementor-widget elementor-widget-image\" data-id=\"73a97a5a\" data-element_type=\"widget\" data-e-type=\"widget\" data-widget_type=\"image.default\">\n\t\t\t\t<div class=\"elementor-widget-container\">\n\t\t\t\t\t\t\t\t\t\t\t\t\t\t\t<img fetchpriority=\"high\" decoding=\"async\" width=\"2560\" height=\"1707\" src=\"https:\/\/tuz-da.de\/wp-content\/uploads\/2023\/12\/RL_230316_TUZ_105-scaled.jpg\" class=\"attachment-full size-full wp-image-1812\" alt=\"\" srcset=\"https:\/\/tuz-da.de\/wp-content\/uploads\/2023\/12\/RL_230316_TUZ_105-scaled.jpg 2560w, https:\/\/tuz-da.de\/wp-content\/uploads\/2023\/12\/RL_230316_TUZ_105-300x200.jpg 300w, https:\/\/tuz-da.de\/wp-content\/uploads\/2023\/12\/RL_230316_TUZ_105-1024x683.jpg 1024w, https:\/\/tuz-da.de\/wp-content\/uploads\/2023\/12\/RL_230316_TUZ_105-768x512.jpg 768w, https:\/\/tuz-da.de\/wp-content\/uploads\/2023\/12\/RL_230316_TUZ_105-1536x1024.jpg 1536w, https:\/\/tuz-da.de\/wp-content\/uploads\/2023\/12\/RL_230316_TUZ_105-2048x1365.jpg 2048w, https:\/\/tuz-da.de\/wp-content\/uploads\/2023\/12\/RL_230316_TUZ_105-600x400.jpg 600w\" sizes=\"(max-width: 2560px) 100vw, 2560px\" \/>\t\t\t\t\t\t\t\t\t\t\t\t\t\t\t<\/div>\n\t\t\t\t<\/div>\n\t\t\t\t<\/div>\n\t\t<div class=\"elementor-element elementor-element-7bce2ae0 e-con-full e-flex e-con e-child\" data-id=\"7bce2ae0\" data-element_type=\"container\" data-e-type=\"container\">\n\t\t\t\t<div class=\"elementor-element elementor-element-1795c4a3 elementor-widget elementor-widget-text-editor\" data-id=\"1795c4a3\" data-element_type=\"widget\" data-e-type=\"widget\" data-widget_type=\"text-editor.default\">\n\t\t\t\t<div class=\"elementor-widget-container\">\n\t\t\t\t\t\t\t\t\t<p>In the research field of artificial intelligence, we are a partner in public research projects with our test centre and the measurement technology we use. For the ageing identification of exhaust catalytic converters, we supply reproducible cycles from real vehicles which are now available for modelling and ageing identification.<\/p>\t\t\t\t\t\t\t\t<\/div>\n\t\t\t\t<\/div>\n\t\t\t\t<div class=\"elementor-element elementor-element-ff1c3a8 elementor-align-center elementor-widget elementor-widget-button\" data-id=\"ff1c3a8\" data-element_type=\"widget\" data-e-type=\"widget\" data-widget_type=\"button.default\">\n\t\t\t\t<div class=\"elementor-widget-container\">\n\t\t\t\t\t\t\t\t\t<div class=\"elementor-button-wrapper\">\n\t\t\t\t\t<a class=\"elementor-button elementor-button-link elementor-size-sm elementor-animation-grow\" href=\"https:\/\/www.vkm.tu-darmstadt.de\/fachgebietvkm\/aktuelles_11\/details_551424.de.jsp\">\n\t\t\t\t\t\t<span class=\"elementor-button-content-wrapper\">\n\t\t\t\t\t\t\t\t\t<span class=\"elementor-button-text\">Show more<\/span>\n\t\t\t\t\t<\/span>\n\t\t\t\t\t<\/a>\n\t\t\t\t<\/div>\n\t\t\t\t\t\t\t\t<\/div>\n\t\t\t\t<\/div>\n\t\t\t\t<\/div>\n\t\t\t\t\t<\/div>\n\t\t\t\t<\/div>\n\t\t<div class=\"elementor-element elementor-element-cbdac7 e-flex e-con-boxed e-con e-parent\" data-id=\"cbdac7\" data-element_type=\"container\" data-e-type=\"container\">\n\t\t\t\t\t<div class=\"e-con-inner\">\n\t\t\t\t<div class=\"elementor-element elementor-element-5c2a9e4c elementor-widget elementor-widget-spacer\" data-id=\"5c2a9e4c\" data-element_type=\"widget\" data-e-type=\"widget\" data-widget_type=\"spacer.default\">\n\t\t\t\t<div class=\"elementor-widget-container\">\n\t\t\t\t\t\t\t<div class=\"elementor-spacer\">\n\t\t\t<div class=\"elementor-spacer-inner\"><\/div>\n\t\t<\/div>\n\t\t\t\t\t\t<\/div>\n\t\t\t\t<\/div>\n\t\t\t\t\t<\/div>\n\t\t\t\t<\/div>\n\t\t<div class=\"elementor-element elementor-element-e23aab1 e-flex e-con-boxed e-con e-parent\" data-id=\"e23aab1\" data-element_type=\"container\" data-e-type=\"container\">\n\t\t\t\t\t<div class=\"e-con-inner\">\n\t\t\t\t<div class=\"elementor-element elementor-element-48d87d5 elementor-widget elementor-widget-image\" data-id=\"48d87d5\" data-element_type=\"widget\" data-e-type=\"widget\" data-widget_type=\"image.default\">\n\t\t\t\t<div class=\"elementor-widget-container\">\n\t\t\t\t\t\t\t\t\t\t\t\t\t\t\t<img decoding=\"async\" width=\"800\" height=\"544\" src=\"https:\/\/tuz-da.de\/wp-content\/uploads\/2024\/02\/20240129_Bild_Kiara_Methodik_png-1024x696.jpg\" class=\"attachment-large size-large wp-image-2015\" alt=\"\" srcset=\"https:\/\/tuz-da.de\/wp-content\/uploads\/2024\/02\/20240129_Bild_Kiara_Methodik_png-1024x696.jpg 1024w, https:\/\/tuz-da.de\/wp-content\/uploads\/2024\/02\/20240129_Bild_Kiara_Methodik_png-300x204.jpg 300w, https:\/\/tuz-da.de\/wp-content\/uploads\/2024\/02\/20240129_Bild_Kiara_Methodik_png-768x522.jpg 768w, https:\/\/tuz-da.de\/wp-content\/uploads\/2024\/02\/20240129_Bild_Kiara_Methodik_png-1536x1045.jpg 1536w, https:\/\/tuz-da.de\/wp-content\/uploads\/2024\/02\/20240129_Bild_Kiara_Methodik_png-2048x1393.jpg 2048w, https:\/\/tuz-da.de\/wp-content\/uploads\/2024\/02\/20240129_Bild_Kiara_Methodik_png-18x12.jpg 18w, https:\/\/tuz-da.de\/wp-content\/uploads\/2024\/02\/20240129_Bild_Kiara_Methodik_png-600x408.jpg 600w\" sizes=\"(max-width: 800px) 100vw, 800px\" \/>\t\t\t\t\t\t\t\t\t\t\t\t\t\t\t<\/div>\n\t\t\t\t<\/div>\n\t\t\t\t\t<\/div>\n\t\t\t\t<\/div>\n\t\t<div class=\"elementor-element elementor-element-36324f5 e-flex e-con-boxed e-con e-parent\" data-id=\"36324f5\" data-element_type=\"container\" data-e-type=\"container\">\n\t\t\t\t\t<div class=\"e-con-inner\">\n\t\t<div class=\"elementor-element elementor-element-3fc6716a e-con-full e-flex e-con e-child\" data-id=\"3fc6716a\" data-element_type=\"container\" data-e-type=\"container\">\n\t\t\t\t<div class=\"elementor-element elementor-element-6b9f9e2c elementor-widget elementor-widget-spacer\" data-id=\"6b9f9e2c\" data-element_type=\"widget\" data-e-type=\"widget\" data-widget_type=\"spacer.default\">\n\t\t\t\t<div class=\"elementor-widget-container\">\n\t\t\t\t\t\t\t<div class=\"elementor-spacer\">\n\t\t\t<div class=\"elementor-spacer-inner\"><\/div>\n\t\t<\/div>\n\t\t\t\t\t\t<\/div>\n\t\t\t\t<\/div>\n\t\t\t\t<div class=\"elementor-element elementor-element-8af3681 elementor-widget elementor-widget-heading\" data-id=\"8af3681\" data-element_type=\"widget\" data-e-type=\"widget\" data-widget_type=\"heading.default\">\n\t\t\t\t<div class=\"elementor-widget-container\">\n\t\t\t\t\t<h2 class=\"elementor-heading-title elementor-size-default\">Contact us <\/h2>\t\t\t\t<\/div>\n\t\t\t\t<\/div>\n\t\t\t\t<\/div>\n\t\t<div class=\"elementor-element elementor-element-28b49f83 e-con-full e-flex e-con e-child\" data-id=\"28b49f83\" data-element_type=\"container\" data-e-type=\"container\">\n\t\t\t\t<div class=\"elementor-element elementor-element-2046d74d elementor-widget elementor-widget-text-editor\" data-id=\"2046d74d\" data-element_type=\"widget\" data-e-type=\"widget\" data-widget_type=\"text-editor.default\">\n\t\t\t\t<div class=\"elementor-widget-container\">\n\t\t\t\t\t\t\t\t\t<p>Have we sparked your interest or do you have any questions about our products or our research? Don't hesitate to get in touch with us!<\/p>\t\t\t\t\t\t\t\t<\/div>\n\t\t\t\t<\/div>\n\t\t\t\t<\/div>\n\t\t<div class=\"elementor-element elementor-element-23c8014a e-con-full e-flex e-con e-child\" data-id=\"23c8014a\" data-element_type=\"container\" data-e-type=\"container\">\n\t\t\t\t<div class=\"elementor-element elementor-element-5561c9c9 elementor-align-center elementor-widget elementor-widget-button\" data-id=\"5561c9c9\" data-element_type=\"widget\" data-e-type=\"widget\" data-widget_type=\"button.default\">\n\t\t\t\t<div class=\"elementor-widget-container\">\n\t\t\t\t\t\t\t\t\t<div class=\"elementor-button-wrapper\">\n\t\t\t\t\t<a class=\"elementor-button elementor-button-link elementor-size-sm elementor-animation-grow\" href=\"https:\/\/tuz-da.de\/en\/kontakt\/\">\n\t\t\t\t\t\t<span class=\"elementor-button-content-wrapper\">\n\t\t\t\t\t\t\t\t\t<span class=\"elementor-button-text\">Contact us<\/span>\n\t\t\t\t\t<\/span>\n\t\t\t\t\t<\/a>\n\t\t\t\t<\/div>\n\t\t\t\t\t\t\t\t<\/div>\n\t\t\t\t<\/div>\n\t\t\t\t<\/div>\n\t\t<div class=\"elementor-element elementor-element-10e7db70 e-con-full e-flex e-con e-child\" data-id=\"10e7db70\" data-element_type=\"container\" data-e-type=\"container\">\n\t\t\t\t<div class=\"elementor-element elementor-element-76b9ddae elementor-widget elementor-widget-spacer\" data-id=\"76b9ddae\" data-element_type=\"widget\" data-e-type=\"widget\" data-widget_type=\"spacer.default\">\n\t\t\t\t<div class=\"elementor-widget-container\">\n\t\t\t\t\t\t\t<div class=\"elementor-spacer\">\n\t\t\t<div class=\"elementor-spacer-inner\"><\/div>\n\t\t<\/div>\n\t\t\t\t\t\t<\/div>\n\t\t\t\t<\/div>\n\t\t\t\t<\/div>\n\t\t\t\t\t<\/div>\n\t\t\t\t<\/div>\n\t\t\t\t<\/div>","protected":false},"excerpt":{"rendered":"<p>KI-basierte Alterungsdetektion von Abgaskatalysatoren Im Forschungsbereich der k\u00fcnstlichen Intelligenz stehen wir mit unserem Pr\u00fcffeld und der eingesetzten Messtechnik Pate in \u00f6ffentlichen Forschungsprojekten. Zur Alterungs-identifikation von Abgaskatalysatoren liefern reproduzierbare Zyklen aus Realfahrzeugen welche nun zur Modellbildung und Alterungsidentifikation zur Verf\u00fcgung stehen. Mehr erfahren Kontaktieren Sie uns Haben wir Ihr Interesse geweckt oder haben Sie Fragen zu [&hellip;]<\/p>\n","protected":false},"author":1,"featured_media":0,"parent":0,"menu_order":0,"comment_status":"closed","ping_status":"closed","template":"","meta":{"footnotes":""},"class_list":["post-1327","page","type-page","status-publish","hentry"],"_links":{"self":[{"href":"https:\/\/tuz-da.de\/en\/wp-json\/wp\/v2\/pages\/1327","targetHints":{"allow":["GET"]}}],"collection":[{"href":"https:\/\/tuz-da.de\/en\/wp-json\/wp\/v2\/pages"}],"about":[{"href":"https:\/\/tuz-da.de\/en\/wp-json\/wp\/v2\/types\/page"}],"author":[{"embeddable":true,"href":"https:\/\/tuz-da.de\/en\/wp-json\/wp\/v2\/users\/1"}],"replies":[{"embeddable":true,"href":"https:\/\/tuz-da.de\/en\/wp-json\/wp\/v2\/comments?post=1327"}],"version-history":[{"count":37,"href":"https:\/\/tuz-da.de\/en\/wp-json\/wp\/v2\/pages\/1327\/revisions"}],"predecessor-version":[{"id":2639,"href":"https:\/\/tuz-da.de\/en\/wp-json\/wp\/v2\/pages\/1327\/revisions\/2639"}],"wp:attachment":[{"href":"https:\/\/tuz-da.de\/en\/wp-json\/wp\/v2\/media?parent=1327"}],"curies":[{"name":"wp","href":"https:\/\/api.w.org\/{rel}","templated":true}]}}