{"id":1315,"date":"2023-12-12T12:01:29","date_gmt":"2023-12-12T12:01:29","guid":{"rendered":"https:\/\/tuz-da.de\/?page_id=1315"},"modified":"2024-03-08T17:54:28","modified_gmt":"2024-03-08T17:54:28","slug":"forschungentwicklung-zukuenftigeenergietraeger","status":"publish","type":"page","link":"https:\/\/tuz-da.de\/en\/forschungentwicklung-zukuenftigeenergietraeger\/","title":{"rendered":"Forschung &#038; Entwicklung > Zuk\u00fcnftige Energietr\u00e4ger"},"content":{"rendered":"<div data-elementor-type=\"wp-page\" data-elementor-id=\"1315\" class=\"elementor elementor-1315\" data-elementor-post-type=\"page\">\n\t\t\t\t<div class=\"elementor-element elementor-element-40aab972 e-flex e-con-boxed e-con e-parent\" data-id=\"40aab972\" data-element_type=\"container\" data-e-type=\"container\">\n\t\t\t\t\t<div class=\"e-con-inner\">\n\t\t\t\t<div class=\"elementor-element elementor-element-66c366c9 elementor-widget elementor-widget-spacer\" data-id=\"66c366c9\" data-element_type=\"widget\" data-e-type=\"widget\" data-widget_type=\"spacer.default\">\n\t\t\t\t<div class=\"elementor-widget-container\">\n\t\t\t\t\t\t\t<div class=\"elementor-spacer\">\n\t\t\t<div class=\"elementor-spacer-inner\"><\/div>\n\t\t<\/div>\n\t\t\t\t\t\t<\/div>\n\t\t\t\t<\/div>\n\t\t\t\t\t<\/div>\n\t\t\t\t<\/div>\n\t\t<div class=\"elementor-element elementor-element-589416e7 e-flex e-con-boxed e-con e-parent\" data-id=\"589416e7\" data-element_type=\"container\" data-e-type=\"container\">\n\t\t\t\t\t<div class=\"e-con-inner\">\n\t\t\t\t<div class=\"elementor-element elementor-element-56821537 elementor-widget elementor-widget-heading\" data-id=\"56821537\" data-element_type=\"widget\" data-e-type=\"widget\" data-widget_type=\"heading.default\">\n\t\t\t\t<div class=\"elementor-widget-container\">\n\t\t\t\t\t<h2 class=\"elementor-heading-title elementor-size-default\">Future Energy Sources<\/h2>\t\t\t\t<\/div>\n\t\t\t\t<\/div>\n\t\t\t\t\t<\/div>\n\t\t\t\t<\/div>\n\t\t<div class=\"elementor-element elementor-element-511b3233 e-flex e-con-boxed e-con e-parent\" data-id=\"511b3233\" data-element_type=\"container\" data-e-type=\"container\">\n\t\t\t\t\t<div class=\"e-con-inner\">\n\t\t<div class=\"elementor-element elementor-element-4ce380cc e-con-full e-flex e-con e-child\" data-id=\"4ce380cc\" data-element_type=\"container\" data-e-type=\"container\">\n\t\t\t\t<div class=\"elementor-element elementor-element-22f1d09e elementor-widget elementor-widget-image\" data-id=\"22f1d09e\" data-element_type=\"widget\" data-e-type=\"widget\" data-widget_type=\"image.default\">\n\t\t\t\t<div class=\"elementor-widget-container\">\n\t\t\t\t\t\t\t\t\t\t\t\t\t\t\t<img fetchpriority=\"high\" decoding=\"async\" width=\"2560\" height=\"1707\" src=\"https:\/\/tuz-da.de\/wp-content\/uploads\/2023\/10\/06_Kraftstoffe-scaled.jpg\" class=\"attachment-full size-full wp-image-665\" alt=\"Alternative Kraftstoffe\" srcset=\"https:\/\/tuz-da.de\/wp-content\/uploads\/2023\/10\/06_Kraftstoffe-scaled.jpg 2560w, https:\/\/tuz-da.de\/wp-content\/uploads\/2023\/10\/06_Kraftstoffe-scaled-600x400.jpg 600w, https:\/\/tuz-da.de\/wp-content\/uploads\/2023\/10\/06_Kraftstoffe-300x200.jpg 300w, https:\/\/tuz-da.de\/wp-content\/uploads\/2023\/10\/06_Kraftstoffe-1024x683.jpg 1024w, https:\/\/tuz-da.de\/wp-content\/uploads\/2023\/10\/06_Kraftstoffe-768x512.jpg 768w, https:\/\/tuz-da.de\/wp-content\/uploads\/2023\/10\/06_Kraftstoffe-1536x1024.jpg 1536w, https:\/\/tuz-da.de\/wp-content\/uploads\/2023\/10\/06_Kraftstoffe-2048x1365.jpg 2048w\" sizes=\"(max-width: 2560px) 100vw, 2560px\" \/>\t\t\t\t\t\t\t\t\t\t\t\t\t\t\t<\/div>\n\t\t\t\t<\/div>\n\t\t\t\t<\/div>\n\t\t<div class=\"elementor-element elementor-element-5c81e714 e-con-full e-flex e-con e-child\" data-id=\"5c81e714\" data-element_type=\"container\" data-e-type=\"container\">\n\t\t\t\t<div class=\"elementor-element elementor-element-3fd14a00 elementor-widget elementor-widget-text-editor\" data-id=\"3fd14a00\" data-element_type=\"widget\" data-e-type=\"widget\" data-widget_type=\"text-editor.default\">\n\t\t\t\t<div class=\"elementor-widget-container\">\n\t\t\t\t\t\t\t\t\t<p>In addition to the infrastructure for testing alternative energy sources, above all hydrogen, the Technology and Environmental Centre has extensive expertise in the field of applications for operation with synthetic fuels.\u00a0<\/p>\t\t\t\t\t\t\t\t<\/div>\n\t\t\t\t<\/div>\n\t\t\t\t<\/div>\n\t\t\t\t\t<\/div>\n\t\t\t\t<\/div>\n\t\t<div class=\"elementor-element elementor-element-b3fe322 e-flex e-con-boxed e-con e-parent\" data-id=\"b3fe322\" data-element_type=\"container\" data-e-type=\"container\">\n\t\t\t\t\t<div class=\"e-con-inner\">\n\t\t\t\t<div class=\"elementor-element elementor-element-c646874 elementor-widget elementor-widget-spacer\" data-id=\"c646874\" data-element_type=\"widget\" data-e-type=\"widget\" data-widget_type=\"spacer.default\">\n\t\t\t\t<div class=\"elementor-widget-container\">\n\t\t\t\t\t\t\t<div class=\"elementor-spacer\">\n\t\t\t<div class=\"elementor-spacer-inner\"><\/div>\n\t\t<\/div>\n\t\t\t\t\t\t<\/div>\n\t\t\t\t<\/div>\n\t\t\t\t\t<\/div>\n\t\t\t\t<\/div>\n\t\t<div class=\"elementor-element elementor-element-f60ba5f e-flex e-con-boxed e-con e-parent\" data-id=\"f60ba5f\" data-element_type=\"container\" data-e-type=\"container\">\n\t\t\t\t\t<div class=\"e-con-inner\">\n\t\t\t\t<div class=\"elementor-element elementor-element-d538241 elementor-widget elementor-widget-heading\" data-id=\"d538241\" data-element_type=\"widget\" data-e-type=\"widget\" data-widget_type=\"heading.default\">\n\t\t\t\t<div class=\"elementor-widget-container\">\n\t\t\t\t\t<h2 class=\"elementor-heading-title elementor-size-default\">Hydrogen as an alternative energy source in combustion engines<\/h2>\t\t\t\t<\/div>\n\t\t\t\t<\/div>\n\t\t\t\t\t<\/div>\n\t\t\t\t<\/div>\n\t\t<div class=\"elementor-element elementor-element-6ad8d29d e-flex e-con-boxed e-con e-parent\" data-id=\"6ad8d29d\" data-element_type=\"container\" data-e-type=\"container\">\n\t\t\t\t\t<div class=\"e-con-inner\">\n\t\t\t\t<div class=\"elementor-element elementor-element-19d1d8f9 elementor-widget elementor-widget-text-editor\" data-id=\"19d1d8f9\" data-element_type=\"widget\" data-e-type=\"widget\" data-widget_type=\"text-editor.default\">\n\t\t\t\t<div class=\"elementor-widget-container\">\n\t\t\t\t\t\t\t\t\t<p>The hydrogen engine also has an important role to play in the context of hydrogen as an energy carrier. An important task here is to be able to appropriately evaluate the drive systems in their respective applications and assess their potential. Both the fuel cell and the hydrogen engine offer advantages, particularly with regard to the use of hydrogen in the commercial vehicle sector. The engine test bench at the Technology and Environment Centre is capable of operating with hydrogen and provides the optimum test environment for research and development in the use of hydrogen as an energy source in the combustion engine.<\/p>\t\t\t\t\t\t\t\t<\/div>\n\t\t\t\t<\/div>\n\t\t\t\t\t<\/div>\n\t\t\t\t<\/div>\n\t\t<div class=\"elementor-element elementor-element-28761f8 e-flex e-con-boxed e-con e-parent\" data-id=\"28761f8\" data-element_type=\"container\" data-e-type=\"container\">\n\t\t\t\t\t<div class=\"e-con-inner\">\n\t\t\t\t<div class=\"elementor-element elementor-element-33b915e elementor-widget elementor-widget-spacer\" data-id=\"33b915e\" data-element_type=\"widget\" data-e-type=\"widget\" data-widget_type=\"spacer.default\">\n\t\t\t\t<div class=\"elementor-widget-container\">\n\t\t\t\t\t\t\t<div class=\"elementor-spacer\">\n\t\t\t<div class=\"elementor-spacer-inner\"><\/div>\n\t\t<\/div>\n\t\t\t\t\t\t<\/div>\n\t\t\t\t<\/div>\n\t\t\t\t\t<\/div>\n\t\t\t\t<\/div>\n\t\t<div class=\"elementor-element elementor-element-b49b422 e-flex e-con-boxed e-con e-parent\" data-id=\"b49b422\" data-element_type=\"container\" data-e-type=\"container\">\n\t\t\t\t\t<div class=\"e-con-inner\">\n\t\t\t\t<div class=\"elementor-element elementor-element-447da10 elementor-widget elementor-widget-heading\" data-id=\"447da10\" data-element_type=\"widget\" data-e-type=\"widget\" data-widget_type=\"heading.default\">\n\t\t\t\t<div class=\"elementor-widget-container\">\n\t\t\t\t\t<h2 class=\"elementor-heading-title elementor-size-default\">Fuel-cell applications<\/h2>\t\t\t\t<\/div>\n\t\t\t\t<\/div>\n\t\t\t\t\t<\/div>\n\t\t\t\t<\/div>\n\t\t<div class=\"elementor-element elementor-element-a7e787c e-flex e-con-boxed e-con e-parent\" data-id=\"a7e787c\" data-element_type=\"container\" data-e-type=\"container\">\n\t\t\t\t\t<div class=\"e-con-inner\">\n\t\t<div class=\"elementor-element elementor-element-08c7207 e-con-full e-flex e-con e-child\" data-id=\"08c7207\" data-element_type=\"container\" data-e-type=\"container\">\n\t\t\t\t<div class=\"elementor-element elementor-element-0b78bc4 elementor-widget elementor-widget-image\" data-id=\"0b78bc4\" data-element_type=\"widget\" data-e-type=\"widget\" data-widget_type=\"image.default\">\n\t\t\t\t<div class=\"elementor-widget-container\">\n\t\t\t\t\t\t\t\t\t\t\t\t\t\t\t<img decoding=\"async\" width=\"800\" height=\"586\" src=\"https:\/\/tuz-da.de\/wp-content\/uploads\/2023\/12\/Brennstoffzelle-1024x750.jpg\" class=\"attachment-large size-large wp-image-1796\" alt=\"\" srcset=\"https:\/\/tuz-da.de\/wp-content\/uploads\/2023\/12\/Brennstoffzelle-1024x750.jpg 1024w, https:\/\/tuz-da.de\/wp-content\/uploads\/2023\/12\/Brennstoffzelle-300x220.jpg 300w, https:\/\/tuz-da.de\/wp-content\/uploads\/2023\/12\/Brennstoffzelle-768x562.jpg 768w, https:\/\/tuz-da.de\/wp-content\/uploads\/2023\/12\/Brennstoffzelle-1536x1124.jpg 1536w, https:\/\/tuz-da.de\/wp-content\/uploads\/2023\/12\/Brennstoffzelle-600x439.jpg 600w, https:\/\/tuz-da.de\/wp-content\/uploads\/2023\/12\/Brennstoffzelle.jpg 1966w\" sizes=\"(max-width: 800px) 100vw, 800px\" \/>\t\t\t\t\t\t\t\t\t\t\t\t\t\t\t<\/div>\n\t\t\t\t<\/div>\n\t\t\t\t<\/div>\n\t\t<div class=\"elementor-element elementor-element-f6e2956 e-con-full e-flex e-con e-child\" data-id=\"f6e2956\" data-element_type=\"container\" data-e-type=\"container\">\n\t\t\t\t<div class=\"elementor-element elementor-element-81e3f78 elementor-widget elementor-widget-text-editor\" data-id=\"81e3f78\" data-element_type=\"widget\" data-e-type=\"widget\" data-widget_type=\"text-editor.default\">\n\t\t\t\t<div class=\"elementor-widget-container\">\n\t\t\t\t\t\t\t\t\t<p>The Institute for Internal Combustion Engines and Powertrain Systems at the Technical University of Darmstadt has a heavy-duty fuel cell test bench. The Technology and Environmental Centre acts as a close partner here and provides support with its many years of experience in the areas of system development, measurement technology and the design of drive systems. <br \/>The fuel cell system test bench has a maximum system output of 160 kW. In a second phase, the system output will be increased to 300 kW. A consistent development methodology is also implemented on the fuel cell system test bench through in-the-loop operation. The fuel cell system-in-the-loop test bench (BZSiL) offers the opportunity to analyse the fuel cell system at the overall vehicle level in early development phases by operating a real fuel cell system on the test bench with the aid of simulated powertrains, operating strategies, vehicles and driving scenarios.<\/p><p>You can find additional information <a href=\"https:\/\/www.vkm.tu-darmstadt.de\/forschung_12\/forschungsschwerpunkte_1\/h2_brennstoffzelle\/wasserstoff_und_brennstoffzelle_1.de.jsp\">HERE<\/a> at the VKM Website.<\/p>\t\t\t\t\t\t\t\t<\/div>\n\t\t\t\t<\/div>\n\t\t\t\t<\/div>\n\t\t\t\t\t<\/div>\n\t\t\t\t<\/div>\n\t\t<div class=\"elementor-element elementor-element-6c19fe0 e-flex e-con-boxed e-con e-parent\" data-id=\"6c19fe0\" data-element_type=\"container\" data-e-type=\"container\">\n\t\t\t\t\t<div class=\"e-con-inner\">\n\t\t\t\t<div class=\"elementor-element elementor-element-eef9b9a elementor-widget elementor-widget-spacer\" data-id=\"eef9b9a\" data-element_type=\"widget\" data-e-type=\"widget\" data-widget_type=\"spacer.default\">\n\t\t\t\t<div class=\"elementor-widget-container\">\n\t\t\t\t\t\t\t<div class=\"elementor-spacer\">\n\t\t\t<div class=\"elementor-spacer-inner\"><\/div>\n\t\t<\/div>\n\t\t\t\t\t\t<\/div>\n\t\t\t\t<\/div>\n\t\t\t\t\t<\/div>\n\t\t\t\t<\/div>\n\t\t<div class=\"elementor-element elementor-element-f3112b1 e-flex e-con-boxed e-con e-parent\" data-id=\"f3112b1\" data-element_type=\"container\" data-e-type=\"container\">\n\t\t\t\t\t<div class=\"e-con-inner\">\n\t\t\t\t<div class=\"elementor-element elementor-element-0ccd3b9 elementor-widget elementor-widget-heading\" data-id=\"0ccd3b9\" data-element_type=\"widget\" data-e-type=\"widget\" data-widget_type=\"heading.default\">\n\t\t\t\t<div class=\"elementor-widget-container\">\n\t\t\t\t\t<h2 class=\"elementor-heading-title elementor-size-default\">Synthetic Fuels<\/h2>\t\t\t\t<\/div>\n\t\t\t\t<\/div>\n\t\t\t\t\t<\/div>\n\t\t\t\t<\/div>\n\t\t<div class=\"elementor-element elementor-element-a9859ec e-flex e-con-boxed e-con e-parent\" data-id=\"a9859ec\" data-element_type=\"container\" data-e-type=\"container\">\n\t\t\t\t\t<div class=\"e-con-inner\">\n\t\t<div class=\"elementor-element elementor-element-4202ab0 e-con-full e-flex e-con e-child\" data-id=\"4202ab0\" data-element_type=\"container\" data-e-type=\"container\">\n\t\t\t\t<div class=\"elementor-element elementor-element-81d3c1e elementor-widget elementor-widget-image\" data-id=\"81d3c1e\" data-element_type=\"widget\" data-e-type=\"widget\" data-widget_type=\"image.default\">\n\t\t\t\t<div class=\"elementor-widget-container\">\n\t\t\t\t\t\t\t\t\t\t\t\t\t\t\t<img decoding=\"async\" width=\"800\" height=\"827\" src=\"https:\/\/tuz-da.de\/wp-content\/uploads\/2023\/12\/Tabelle_1-e1702913298649-990x1024.jpg\" class=\"attachment-large size-large wp-image-1790\" alt=\"\" srcset=\"https:\/\/tuz-da.de\/wp-content\/uploads\/2023\/12\/Tabelle_1-e1702913298649-990x1024.jpg 990w, https:\/\/tuz-da.de\/wp-content\/uploads\/2023\/12\/Tabelle_1-e1702913298649-290x300.jpg 290w, https:\/\/tuz-da.de\/wp-content\/uploads\/2023\/12\/Tabelle_1-e1702913298649-768x795.jpg 768w, https:\/\/tuz-da.de\/wp-content\/uploads\/2023\/12\/Tabelle_1-e1702913298649-1484x1536.jpg 1484w, https:\/\/tuz-da.de\/wp-content\/uploads\/2023\/12\/Tabelle_1-e1702913298649-600x621.jpg 600w, https:\/\/tuz-da.de\/wp-content\/uploads\/2023\/12\/Tabelle_1-e1702913298649.jpg 1896w\" sizes=\"(max-width: 800px) 100vw, 800px\" \/>\t\t\t\t\t\t\t\t\t\t\t\t\t\t\t<\/div>\n\t\t\t\t<\/div>\n\t\t\t\t<div class=\"elementor-element elementor-element-c7ec600 elementor-widget elementor-widget-image\" data-id=\"c7ec600\" data-element_type=\"widget\" data-e-type=\"widget\" data-widget_type=\"image.default\">\n\t\t\t\t<div class=\"elementor-widget-container\">\n\t\t\t\t\t\t\t\t\t\t\t\t\t\t\t<img loading=\"lazy\" decoding=\"async\" width=\"787\" height=\"356\" src=\"https:\/\/tuz-da.de\/wp-content\/uploads\/2023\/12\/Unbenannt.jpg\" class=\"attachment-large size-large wp-image-1791\" alt=\"\" srcset=\"https:\/\/tuz-da.de\/wp-content\/uploads\/2023\/12\/Unbenannt.jpg 787w, https:\/\/tuz-da.de\/wp-content\/uploads\/2023\/12\/Unbenannt-300x136.jpg 300w, https:\/\/tuz-da.de\/wp-content\/uploads\/2023\/12\/Unbenannt-768x347.jpg 768w, https:\/\/tuz-da.de\/wp-content\/uploads\/2023\/12\/Unbenannt-600x271.jpg 600w\" sizes=\"(max-width: 787px) 100vw, 787px\" \/>\t\t\t\t\t\t\t\t\t\t\t\t\t\t\t<\/div>\n\t\t\t\t<\/div>\n\t\t\t\t<\/div>\n\t\t<div class=\"elementor-element elementor-element-cd05717 e-con-full e-flex e-con e-child\" data-id=\"cd05717\" data-element_type=\"container\" data-e-type=\"container\">\n\t\t\t\t<div class=\"elementor-element elementor-element-41f27cd elementor-widget elementor-widget-heading\" data-id=\"41f27cd\" data-element_type=\"widget\" data-e-type=\"widget\" data-widget_type=\"heading.default\">\n\t\t\t\t<div class=\"elementor-widget-container\">\n\t\t\t\t\t<h2 class=\"elementor-heading-title elementor-size-default\">Gasoline Fuels<\/h2>\t\t\t\t<\/div>\n\t\t\t\t<\/div>\n\t\t\t\t<div class=\"elementor-element elementor-element-34abf17 elementor-widget elementor-widget-text-editor\" data-id=\"34abf17\" data-element_type=\"widget\" data-e-type=\"widget\" data-widget_type=\"text-editor.default\">\n\t\t\t\t<div class=\"elementor-widget-container\">\n\t\t\t\t\t\t\t\t\t<p>Potentially renewable and fossil-free gasoline fuels are identified at the test facilities of the Technology and Environmental Centre and their potential in terms of performance, efficiency and emission behaviour is analysed in comparison to conventional gasoline.<br \/>Extensive measurement campaigns are being carried out on the 4\u00d74 chassis dynamometer and in real road traffic in collaboration with the Institute for Internal Combustion Engines and Powertrain Systems at TU Darmstadt. <br \/>In terms of content, the focus is on the technical boundary conditions, testing and pilot introduction of synthetic gasoline fuels in mass motorsport. Detached from political framework conditions, motorsport offers the ideal platform for the development and demonstration of alternative drive technologies under the most demanding conditions and can also serve as a technology driver for the transfer of synthetic fuels to the existing fleet.<br \/>The use of synthetic fuels also offers considerable potential for minimising pollutants in future drive systems. The drop-in capability also ensures operation in the existing fleet. Current research projects are showing promising results. An excerpt of current research results, which were analysed in cooperation with the <a href=\"https:\/\/www.vkm.tu-darmstadt.de\/fachgebietvkm\/home_3\/index.de.jsp\">Institute of Internal Combustion Engines and Powertrain Systems<\/a> show clear emission reduction potentials for DIN EN 228 synfuels under RDE boundary conditions in relation to the number of particles.<\/p>\t\t\t\t\t\t\t\t<\/div>\n\t\t\t\t<\/div>\n\t\t\t\t<\/div>\n\t\t\t\t\t<\/div>\n\t\t\t\t<\/div>\n\t\t<div class=\"elementor-element elementor-element-8b080f2 e-flex e-con-boxed e-con e-parent\" data-id=\"8b080f2\" data-element_type=\"container\" data-e-type=\"container\">\n\t\t\t\t\t<div class=\"e-con-inner\">\n\t\t\t\t<div class=\"elementor-element elementor-element-914877d elementor-widget elementor-widget-spacer\" data-id=\"914877d\" data-element_type=\"widget\" data-e-type=\"widget\" data-widget_type=\"spacer.default\">\n\t\t\t\t<div class=\"elementor-widget-container\">\n\t\t\t\t\t\t\t<div class=\"elementor-spacer\">\n\t\t\t<div class=\"elementor-spacer-inner\"><\/div>\n\t\t<\/div>\n\t\t\t\t\t\t<\/div>\n\t\t\t\t<\/div>\n\t\t\t\t\t<\/div>\n\t\t\t\t<\/div>\n\t\t<div class=\"elementor-element elementor-element-3d8b3920 e-flex e-con-boxed e-con e-parent\" data-id=\"3d8b3920\" data-element_type=\"container\" data-e-type=\"container\">\n\t\t\t\t\t<div class=\"e-con-inner\">\n\t\t\t\t<div class=\"elementor-element elementor-element-ff30048 elementor-widget elementor-widget-heading\" data-id=\"ff30048\" data-element_type=\"widget\" data-e-type=\"widget\" data-widget_type=\"heading.default\">\n\t\t\t\t<div class=\"elementor-widget-container\">\n\t\t\t\t\t<h2 class=\"elementor-heading-title elementor-size-default\">Diesel Fuels<\/h2>\t\t\t\t<\/div>\n\t\t\t\t<\/div>\n\t\t\t\t\t<\/div>\n\t\t\t\t<\/div>\n\t\t<div class=\"elementor-element elementor-element-bdf758f e-flex e-con-boxed e-con e-parent\" data-id=\"bdf758f\" data-element_type=\"container\" data-e-type=\"container\">\n\t\t\t\t\t<div class=\"e-con-inner\">\n\t\t<div class=\"elementor-element elementor-element-49b2c36 e-con-full e-flex e-con e-child\" data-id=\"49b2c36\" data-element_type=\"container\" data-e-type=\"container\">\n\t\t\t\t<div class=\"elementor-element elementor-element-485fe9b elementor-widget elementor-widget-text-editor\" data-id=\"485fe9b\" data-element_type=\"widget\" data-e-type=\"widget\" data-widget_type=\"text-editor.default\">\n\t\t\t\t<div class=\"elementor-widget-container\">\n\t\t\t\t\t\t\t\t\t<p>In the research field of biogenic diesel fuels, there is a particular focus on drop-in capable fuels that can be used without any modifications to the engine. In particular, 2nd generation biogenic fuels that do not have a negative impact on food availability are being investigated. Biogenic fuels have the advantage of being CO2-neutral and also have potential in terms of emission behaviour. The investigations with biogenic fuels at the VKM Institute focus on the analysis of combustion behaviour and emissions. In addition, analyses of wear and durability are also carried out on the engine test bench at the Technology and Environmental Centre.<br \/>An extract of current research results shows the emission reduction potential for the use of \"Hydrotreated Vegetable Oil\" (HVO) and \"Oxymethylene Ether\" (OME) compared to a B7 diesel standard fuel with varying EGR rates under constant boundary conditions.<\/p>\t\t\t\t\t\t\t\t<\/div>\n\t\t\t\t<\/div>\n\t\t\t\t<\/div>\n\t\t<div class=\"elementor-element elementor-element-05c4c18 e-con-full e-flex e-con e-child\" data-id=\"05c4c18\" data-element_type=\"container\" data-e-type=\"container\">\n\t\t\t\t<div class=\"elementor-element elementor-element-89f7418 elementor-widget elementor-widget-image\" data-id=\"89f7418\" data-element_type=\"widget\" data-e-type=\"widget\" data-widget_type=\"image.default\">\n\t\t\t\t<div class=\"elementor-widget-container\">\n\t\t\t\t\t\t\t\t\t\t\t\t\t\t\t\t<a href=\"https:\/\/www.vkm.tu-darmstadt.de\/fachgebietvkm\/mitarbeiter_17\/wissenschaftlichemitarbeiter_5\/friedemar_knost\/friedemar_knost_1.de.jsp\">\n\t\t\t\t\t\t\t<img loading=\"lazy\" decoding=\"async\" width=\"800\" height=\"545\" src=\"https:\/\/tuz-da.de\/wp-content\/uploads\/2023\/12\/Unbenannt_2.jpg\" class=\"attachment-large size-large wp-image-1792\" alt=\"\" srcset=\"https:\/\/tuz-da.de\/wp-content\/uploads\/2023\/12\/Unbenannt_2.jpg 902w, https:\/\/tuz-da.de\/wp-content\/uploads\/2023\/12\/Unbenannt_2-300x204.jpg 300w, https:\/\/tuz-da.de\/wp-content\/uploads\/2023\/12\/Unbenannt_2-768x523.jpg 768w, https:\/\/tuz-da.de\/wp-content\/uploads\/2023\/12\/Unbenannt_2-600x408.jpg 600w\" sizes=\"(max-width: 800px) 100vw, 800px\" \/>\t\t\t\t\t\t\t\t<\/a>\n\t\t\t\t\t\t\t\t\t\t\t\t\t\t\t<\/div>\n\t\t\t\t<\/div>\n\t\t\t\t<\/div>\n\t\t\t\t\t<\/div>\n\t\t\t\t<\/div>\n\t\t<div class=\"elementor-element elementor-element-6c1da69e e-flex e-con-boxed e-con e-parent\" data-id=\"6c1da69e\" data-element_type=\"container\" data-e-type=\"container\">\n\t\t\t\t\t<div class=\"e-con-inner\">\n\t\t<div class=\"elementor-element elementor-element-5fc2cc77 e-con-full e-flex e-con e-child\" data-id=\"5fc2cc77\" data-element_type=\"container\" data-e-type=\"container\">\n\t\t\t\t<div class=\"elementor-element elementor-element-259f1f09 elementor-widget elementor-widget-spacer\" data-id=\"259f1f09\" data-element_type=\"widget\" data-e-type=\"widget\" data-widget_type=\"spacer.default\">\n\t\t\t\t<div class=\"elementor-widget-container\">\n\t\t\t\t\t\t\t<div class=\"elementor-spacer\">\n\t\t\t<div class=\"elementor-spacer-inner\"><\/div>\n\t\t<\/div>\n\t\t\t\t\t\t<\/div>\n\t\t\t\t<\/div>\n\t\t\t\t<div class=\"elementor-element elementor-element-1f5e4aa9 elementor-widget elementor-widget-heading\" data-id=\"1f5e4aa9\" data-element_type=\"widget\" data-e-type=\"widget\" data-widget_type=\"heading.default\">\n\t\t\t\t<div class=\"elementor-widget-container\">\n\t\t\t\t\t<h2 class=\"elementor-heading-title elementor-size-default\">Contact us <\/h2>\t\t\t\t<\/div>\n\t\t\t\t<\/div>\n\t\t\t\t<\/div>\n\t\t<div class=\"elementor-element elementor-element-34c44834 e-con-full e-flex e-con e-child\" data-id=\"34c44834\" data-element_type=\"container\" data-e-type=\"container\">\n\t\t\t\t<div class=\"elementor-element elementor-element-2dfee88d elementor-widget elementor-widget-text-editor\" data-id=\"2dfee88d\" data-element_type=\"widget\" data-e-type=\"widget\" data-widget_type=\"text-editor.default\">\n\t\t\t\t<div class=\"elementor-widget-container\">\n\t\t\t\t\t\t\t\t\t<p>Have we sparked your interest or do you have any questions about our products or our research? Don't hesitate to get in touch with us!<\/p>\t\t\t\t\t\t\t\t<\/div>\n\t\t\t\t<\/div>\n\t\t\t\t<\/div>\n\t\t<div class=\"elementor-element elementor-element-186c059 e-con-full e-flex e-con e-child\" data-id=\"186c059\" data-element_type=\"container\" data-e-type=\"container\">\n\t\t\t\t<div class=\"elementor-element elementor-element-14c30da2 elementor-align-center elementor-widget elementor-widget-button\" data-id=\"14c30da2\" data-element_type=\"widget\" data-e-type=\"widget\" data-widget_type=\"button.default\">\n\t\t\t\t<div class=\"elementor-widget-container\">\n\t\t\t\t\t\t\t\t\t<div class=\"elementor-button-wrapper\">\n\t\t\t\t\t<a class=\"elementor-button elementor-button-link elementor-size-sm elementor-animation-grow\" href=\"https:\/\/tuz-da.de\/en\/kontakt\/\">\n\t\t\t\t\t\t<span class=\"elementor-button-content-wrapper\">\n\t\t\t\t\t\t\t\t\t<span class=\"elementor-button-text\">Contact us<\/span>\n\t\t\t\t\t<\/span>\n\t\t\t\t\t<\/a>\n\t\t\t\t<\/div>\n\t\t\t\t\t\t\t\t<\/div>\n\t\t\t\t<\/div>\n\t\t\t\t<\/div>\n\t\t<div class=\"elementor-element elementor-element-5c854708 e-con-full e-flex e-con e-child\" data-id=\"5c854708\" data-element_type=\"container\" data-e-type=\"container\">\n\t\t\t\t<div class=\"elementor-element elementor-element-37c5b1cf elementor-widget elementor-widget-spacer\" data-id=\"37c5b1cf\" data-element_type=\"widget\" data-e-type=\"widget\" data-widget_type=\"spacer.default\">\n\t\t\t\t<div class=\"elementor-widget-container\">\n\t\t\t\t\t\t\t<div class=\"elementor-spacer\">\n\t\t\t<div class=\"elementor-spacer-inner\"><\/div>\n\t\t<\/div>\n\t\t\t\t\t\t<\/div>\n\t\t\t\t<\/div>\n\t\t\t\t<\/div>\n\t\t\t\t\t<\/div>\n\t\t\t\t<\/div>\n\t\t\t\t<\/div>","protected":false},"excerpt":{"rendered":"<p>Zuk\u00fcnftige Energietr\u00e4ger Neben der Infrastruktur f\u00fcr den Pr\u00fcfbetrieb mit alternativen Energietr\u00e4gern allen voran Wasserstoff, besteht am Technologie- und Umweltzentrum ein umfassendes Know-How im Bereich Applikation f\u00fcr den Betrieb mit synthetischen Kraftstoffen.\u00a0 Wasserstoff als alternativer Energietr\u00e4ger im Verbrennungsmotor Im Zusammenhang von Wasserstoff als Energietr\u00e4ger spielt ebenfalls der Wasserstoffmotor eine wichtige Rolle. Eine wichtige Aufgabe ist dabei [&hellip;]<\/p>\n","protected":false},"author":1,"featured_media":0,"parent":0,"menu_order":0,"comment_status":"closed","ping_status":"closed","template":"","meta":{"footnotes":""},"class_list":["post-1315","page","type-page","status-publish","hentry"],"_links":{"self":[{"href":"https:\/\/tuz-da.de\/en\/wp-json\/wp\/v2\/pages\/1315","targetHints":{"allow":["GET"]}}],"collection":[{"href":"https:\/\/tuz-da.de\/en\/wp-json\/wp\/v2\/pages"}],"about":[{"href":"https:\/\/tuz-da.de\/en\/wp-json\/wp\/v2\/types\/page"}],"author":[{"embeddable":true,"href":"https:\/\/tuz-da.de\/en\/wp-json\/wp\/v2\/users\/1"}],"replies":[{"embeddable":true,"href":"https:\/\/tuz-da.de\/en\/wp-json\/wp\/v2\/comments?post=1315"}],"version-history":[{"count":48,"href":"https:\/\/tuz-da.de\/en\/wp-json\/wp\/v2\/pages\/1315\/revisions"}],"predecessor-version":[{"id":2672,"href":"https:\/\/tuz-da.de\/en\/wp-json\/wp\/v2\/pages\/1315\/revisions\/2672"}],"wp:attachment":[{"href":"https:\/\/tuz-da.de\/en\/wp-json\/wp\/v2\/media?parent=1315"}],"curies":[{"name":"wp","href":"https:\/\/api.w.org\/{rel}","templated":true}]}}