{"id":1307,"date":"2023-12-12T11:39:32","date_gmt":"2023-12-12T11:39:32","guid":{"rendered":"https:\/\/tuz-da.de\/?page_id=1307"},"modified":"2024-03-08T17:38:30","modified_gmt":"2024-03-08T17:38:30","slug":"forschungentwicklung-thermomanagement","status":"publish","type":"page","link":"https:\/\/tuz-da.de\/en\/forschungentwicklung-thermomanagement\/","title":{"rendered":"Forschung &#038; Entwicklung > Thermomanagement"},"content":{"rendered":"<div data-elementor-type=\"wp-page\" data-elementor-id=\"1307\" class=\"elementor elementor-1307\" data-elementor-post-type=\"page\">\n\t\t\t\t<div class=\"elementor-element elementor-element-2363d9a7 e-flex e-con-boxed e-con e-parent\" data-id=\"2363d9a7\" data-element_type=\"container\" data-e-type=\"container\">\n\t\t\t\t\t<div class=\"e-con-inner\">\n\t\t\t\t<div class=\"elementor-element elementor-element-3edde1a9 elementor-widget elementor-widget-spacer\" data-id=\"3edde1a9\" data-element_type=\"widget\" data-e-type=\"widget\" data-widget_type=\"spacer.default\">\n\t\t\t\t<div class=\"elementor-widget-container\">\n\t\t\t\t\t\t\t<div class=\"elementor-spacer\">\n\t\t\t<div class=\"elementor-spacer-inner\"><\/div>\n\t\t<\/div>\n\t\t\t\t\t\t<\/div>\n\t\t\t\t<\/div>\n\t\t\t\t\t<\/div>\n\t\t\t\t<\/div>\n\t\t<div class=\"elementor-element elementor-element-4a62aa23 e-flex e-con-boxed e-con e-parent\" data-id=\"4a62aa23\" data-element_type=\"container\" data-e-type=\"container\">\n\t\t\t\t\t<div class=\"e-con-inner\">\n\t\t\t\t<div class=\"elementor-element elementor-element-4c26ac1 elementor-widget elementor-widget-heading\" data-id=\"4c26ac1\" data-element_type=\"widget\" data-e-type=\"widget\" data-widget_type=\"heading.default\">\n\t\t\t\t<div class=\"elementor-widget-container\">\n\t\t\t\t\t<h2 class=\"elementor-heading-title elementor-size-default\">Thermal Management<\/h2>\t\t\t\t<\/div>\n\t\t\t\t<\/div>\n\t\t\t\t\t<\/div>\n\t\t\t\t<\/div>\n\t\t<div class=\"elementor-element elementor-element-3b776ce6 e-flex e-con-boxed e-con e-parent\" data-id=\"3b776ce6\" data-element_type=\"container\" data-e-type=\"container\">\n\t\t\t\t\t<div class=\"e-con-inner\">\n\t\t<div class=\"elementor-element elementor-element-3486140a e-con-full e-flex e-con e-child\" data-id=\"3486140a\" data-element_type=\"container\" data-e-type=\"container\">\n\t\t\t\t<div class=\"elementor-element elementor-element-7ed0dd76 elementor-widget elementor-widget-image\" data-id=\"7ed0dd76\" data-element_type=\"widget\" data-e-type=\"widget\" data-widget_type=\"image.default\">\n\t\t\t\t<div class=\"elementor-widget-container\">\n\t\t\t\t\t\t\t\t\t\t\t\t\t\t\t<img fetchpriority=\"high\" decoding=\"async\" width=\"2560\" height=\"1707\" src=\"https:\/\/tuz-da.de\/wp-content\/uploads\/2023\/10\/Thermomanagement-scaled.jpg\" class=\"attachment-full size-full wp-image-634\" alt=\"Thermomanagement\" srcset=\"https:\/\/tuz-da.de\/wp-content\/uploads\/2023\/10\/Thermomanagement-scaled.jpg 2560w, https:\/\/tuz-da.de\/wp-content\/uploads\/2023\/10\/Thermomanagement-scaled-600x400.jpg 600w, https:\/\/tuz-da.de\/wp-content\/uploads\/2023\/10\/Thermomanagement-300x200.jpg 300w, https:\/\/tuz-da.de\/wp-content\/uploads\/2023\/10\/Thermomanagement-1024x683.jpg 1024w, https:\/\/tuz-da.de\/wp-content\/uploads\/2023\/10\/Thermomanagement-768x512.jpg 768w, https:\/\/tuz-da.de\/wp-content\/uploads\/2023\/10\/Thermomanagement-1536x1024.jpg 1536w, https:\/\/tuz-da.de\/wp-content\/uploads\/2023\/10\/Thermomanagement-2048x1365.jpg 2048w\" sizes=\"(max-width: 2560px) 100vw, 2560px\" \/>\t\t\t\t\t\t\t\t\t\t\t\t\t\t\t<\/div>\n\t\t\t\t<\/div>\n\t\t\t\t<\/div>\n\t\t<div class=\"elementor-element elementor-element-4e82f532 e-con-full e-flex e-con e-child\" data-id=\"4e82f532\" data-element_type=\"container\" data-e-type=\"container\">\n\t\t\t\t<div class=\"elementor-element elementor-element-4327c39 elementor-widget elementor-widget-text-editor\" data-id=\"4327c39\" data-element_type=\"widget\" data-e-type=\"widget\" data-widget_type=\"text-editor.default\">\n\t\t\t\t<div class=\"elementor-widget-container\">\n\t\t\t\t\t\t\t\t\t<p>To map real driving scenarios on the chassis dynamometer or engine test stand, it is necessary to reproduce a wide range of test conditions. This includes, in particular, testing under low ambient temperatures. Furthermore, the increasing electrification of individual mobility and the commercial vehicle sector requires the development and testing of thermal management systems. Thermal management systems are an essential part of the energy management system of modern drive systems. Electric drive components and fuel cell systems in particular are highly sensitive to thermal boundary conditions, which have a decisive impact on the overall efficiency of the vehicle. To reproduce real low-temperature conditions in a reproducible test environment, the infrastructure has been expanded to include appropriate components.<\/p>\t\t\t\t\t\t\t\t<\/div>\n\t\t\t\t<\/div>\n\t\t\t\t<\/div>\n\t\t\t\t\t<\/div>\n\t\t\t\t<\/div>\n\t\t<div class=\"elementor-element elementor-element-c170dbd e-flex e-con-boxed e-con e-parent\" data-id=\"c170dbd\" data-element_type=\"container\" data-e-type=\"container\">\n\t\t\t\t\t<div class=\"e-con-inner\">\n\t\t\t\t<div class=\"elementor-element elementor-element-9e99900 elementor-widget elementor-widget-text-editor\" data-id=\"9e99900\" data-element_type=\"widget\" data-e-type=\"widget\" data-widget_type=\"text-editor.default\">\n\t\t\t\t<div class=\"elementor-widget-container\">\n\t\t\t\t\t\t\t\t\t<p>For the thermal analysis of powertrains and the development of thermal operating strategies, thermal boundary conditions can be mapped across a broad spectrum. The development objective of the low-temperature extension to the test benches was to achieve high energy efficiency, which, in addition to complete vehicle conditioning, also enables the encapsulation of individual drive units to be conditioned.<\/p>\t\t\t\t\t\t\t\t<\/div>\n\t\t\t\t<\/div>\n\t\t\t\t\t<\/div>\n\t\t\t\t<\/div>\n\t\t<div class=\"elementor-element elementor-element-6bdf336 e-flex e-con-boxed e-con e-parent\" data-id=\"6bdf336\" data-element_type=\"container\" data-e-type=\"container\">\n\t\t\t\t\t<div class=\"e-con-inner\">\n\t\t<div class=\"elementor-element elementor-element-b968c0d e-con-full e-flex e-con e-child\" data-id=\"b968c0d\" data-element_type=\"container\" data-e-type=\"container\">\n\t\t\t\t<div class=\"elementor-element elementor-element-9375aaf elementor-widget elementor-widget-image\" data-id=\"9375aaf\" data-element_type=\"widget\" data-e-type=\"widget\" data-widget_type=\"image.default\">\n\t\t\t\t<div class=\"elementor-widget-container\">\n\t\t\t\t\t\t\t\t\t\t\t\t<figure class=\"wp-caption\">\n\t\t\t\t\t\t\t\t\t\t<img decoding=\"async\" width=\"800\" height=\"534\" src=\"https:\/\/tuz-da.de\/wp-content\/uploads\/2023\/12\/RL_230316_TUZ_164-1024x683.jpg\" class=\"attachment-large size-large wp-image-1771\" alt=\"\" srcset=\"https:\/\/tuz-da.de\/wp-content\/uploads\/2023\/12\/RL_230316_TUZ_164-1024x683.jpg 1024w, https:\/\/tuz-da.de\/wp-content\/uploads\/2023\/12\/RL_230316_TUZ_164-300x200.jpg 300w, https:\/\/tuz-da.de\/wp-content\/uploads\/2023\/12\/RL_230316_TUZ_164-768x512.jpg 768w, https:\/\/tuz-da.de\/wp-content\/uploads\/2023\/12\/RL_230316_TUZ_164-1536x1024.jpg 1536w, https:\/\/tuz-da.de\/wp-content\/uploads\/2023\/12\/RL_230316_TUZ_164-2048x1365.jpg 2048w, https:\/\/tuz-da.de\/wp-content\/uploads\/2023\/12\/RL_230316_TUZ_164-600x400.jpg 600w\" sizes=\"(max-width: 800px) 100vw, 800px\" \/>\t\t\t\t\t\t\t\t\t\t\t<figcaption class=\"widget-image-caption wp-caption-text\">Heat Exchanger and Blower Fan<\/figcaption>\n\t\t\t\t\t\t\t\t\t\t<\/figure>\n\t\t\t\t\t\t\t\t\t<\/div>\n\t\t\t\t<\/div>\n\t\t\t\t<\/div>\n\t\t<div class=\"elementor-element elementor-element-f1e06d0 e-con-full e-flex e-con e-child\" data-id=\"f1e06d0\" data-element_type=\"container\" data-e-type=\"container\">\n\t\t\t\t<div class=\"elementor-element elementor-element-aa8d61e elementor-widget elementor-widget-image\" data-id=\"aa8d61e\" data-element_type=\"widget\" data-e-type=\"widget\" data-widget_type=\"image.default\">\n\t\t\t\t<div class=\"elementor-widget-container\">\n\t\t\t\t\t\t\t\t\t\t\t\t<figure class=\"wp-caption\">\n\t\t\t\t\t\t\t\t\t\t<img decoding=\"async\" width=\"800\" height=\"534\" src=\"https:\/\/tuz-da.de\/wp-content\/uploads\/2023\/12\/RL_230316_TUZ_194-1024x683.jpg\" class=\"attachment-large size-large wp-image-1772\" alt=\"\" srcset=\"https:\/\/tuz-da.de\/wp-content\/uploads\/2023\/12\/RL_230316_TUZ_194-1024x683.jpg 1024w, https:\/\/tuz-da.de\/wp-content\/uploads\/2023\/12\/RL_230316_TUZ_194-300x200.jpg 300w, https:\/\/tuz-da.de\/wp-content\/uploads\/2023\/12\/RL_230316_TUZ_194-768x512.jpg 768w, https:\/\/tuz-da.de\/wp-content\/uploads\/2023\/12\/RL_230316_TUZ_194-1536x1024.jpg 1536w, https:\/\/tuz-da.de\/wp-content\/uploads\/2023\/12\/RL_230316_TUZ_194-2048x1365.jpg 2048w, https:\/\/tuz-da.de\/wp-content\/uploads\/2023\/12\/RL_230316_TUZ_194-600x400.jpg 600w\" sizes=\"(max-width: 800px) 100vw, 800px\" \/>\t\t\t\t\t\t\t\t\t\t\t<figcaption class=\"widget-image-caption wp-caption-text\">Test Vehicle<\/figcaption>\n\t\t\t\t\t\t\t\t\t\t<\/figure>\n\t\t\t\t\t\t\t\t\t<\/div>\n\t\t\t\t<\/div>\n\t\t\t\t<\/div>\n\t\t\t\t\t<\/div>\n\t\t\t\t<\/div>\n\t\t<div class=\"elementor-element elementor-element-37ca7c9 e-flex e-con-boxed e-con e-parent\" data-id=\"37ca7c9\" data-element_type=\"container\" data-e-type=\"container\">\n\t\t\t\t\t<div class=\"e-con-inner\">\n\t\t<div class=\"elementor-element elementor-element-7e1ef6e8 e-con-full e-flex e-con e-child\" data-id=\"7e1ef6e8\" data-element_type=\"container\" data-e-type=\"container\">\n\t\t\t\t<div class=\"elementor-element elementor-element-2b6b11f2 elementor-widget elementor-widget-spacer\" data-id=\"2b6b11f2\" data-element_type=\"widget\" data-e-type=\"widget\" data-widget_type=\"spacer.default\">\n\t\t\t\t<div class=\"elementor-widget-container\">\n\t\t\t\t\t\t\t<div class=\"elementor-spacer\">\n\t\t\t<div class=\"elementor-spacer-inner\"><\/div>\n\t\t<\/div>\n\t\t\t\t\t\t<\/div>\n\t\t\t\t<\/div>\n\t\t\t\t<div class=\"elementor-element elementor-element-5e0cfd0e elementor-widget elementor-widget-heading\" data-id=\"5e0cfd0e\" data-element_type=\"widget\" data-e-type=\"widget\" data-widget_type=\"heading.default\">\n\t\t\t\t<div class=\"elementor-widget-container\">\n\t\t\t\t\t<h2 class=\"elementor-heading-title elementor-size-default\">Contact us <\/h2>\t\t\t\t<\/div>\n\t\t\t\t<\/div>\n\t\t\t\t<\/div>\n\t\t<div class=\"elementor-element elementor-element-2703ea8f e-con-full e-flex e-con e-child\" data-id=\"2703ea8f\" data-element_type=\"container\" data-e-type=\"container\">\n\t\t\t\t<div class=\"elementor-element elementor-element-6fa7d85c elementor-widget elementor-widget-text-editor\" data-id=\"6fa7d85c\" data-element_type=\"widget\" data-e-type=\"widget\" data-widget_type=\"text-editor.default\">\n\t\t\t\t<div class=\"elementor-widget-container\">\n\t\t\t\t\t\t\t\t\t<p>Have we sparked your interest or do you have any questions about our products or our research? Don't hesitate to get in touch with us!<\/p>\t\t\t\t\t\t\t\t<\/div>\n\t\t\t\t<\/div>\n\t\t\t\t<\/div>\n\t\t<div class=\"elementor-element elementor-element-5a5f073c e-con-full e-flex e-con e-child\" data-id=\"5a5f073c\" data-element_type=\"container\" data-e-type=\"container\">\n\t\t\t\t<div class=\"elementor-element elementor-element-55cfe627 elementor-align-center elementor-widget elementor-widget-button\" data-id=\"55cfe627\" data-element_type=\"widget\" data-e-type=\"widget\" data-widget_type=\"button.default\">\n\t\t\t\t<div class=\"elementor-widget-container\">\n\t\t\t\t\t\t\t\t\t<div class=\"elementor-button-wrapper\">\n\t\t\t\t\t<a class=\"elementor-button elementor-button-link elementor-size-sm elementor-animation-grow\" href=\"https:\/\/tuz-da.de\/en\/kontakt\/\">\n\t\t\t\t\t\t<span class=\"elementor-button-content-wrapper\">\n\t\t\t\t\t\t\t\t\t<span class=\"elementor-button-text\">Contact us<\/span>\n\t\t\t\t\t<\/span>\n\t\t\t\t\t<\/a>\n\t\t\t\t<\/div>\n\t\t\t\t\t\t\t\t<\/div>\n\t\t\t\t<\/div>\n\t\t\t\t<\/div>\n\t\t<div class=\"elementor-element elementor-element-43d343b5 e-con-full e-flex e-con e-child\" data-id=\"43d343b5\" data-element_type=\"container\" data-e-type=\"container\">\n\t\t\t\t<div class=\"elementor-element elementor-element-4dc2ea9f elementor-widget elementor-widget-spacer\" data-id=\"4dc2ea9f\" data-element_type=\"widget\" data-e-type=\"widget\" data-widget_type=\"spacer.default\">\n\t\t\t\t<div class=\"elementor-widget-container\">\n\t\t\t\t\t\t\t<div class=\"elementor-spacer\">\n\t\t\t<div class=\"elementor-spacer-inner\"><\/div>\n\t\t<\/div>\n\t\t\t\t\t\t<\/div>\n\t\t\t\t<\/div>\n\t\t\t\t<\/div>\n\t\t\t\t\t<\/div>\n\t\t\t\t<\/div>\n\t\t\t\t<\/div>","protected":false},"excerpt":{"rendered":"<p>Thermomanagement Zur Abbildung realer Fahrszenarien am Rollen- oder Motorenpr\u00fcfstand ist es erforderlich ein breites Spektrum an Testbedingungen abzubilden. Hierzu z\u00e4hlt insbesondere das Testen unter niedrigen Umgebungstemperaturen. Weiterf\u00fchrend erfordert die zunehmende Elektrifizierung der individuellen Mobilit\u00e4t und des Nutzfahrzeugsektors die Entwicklung und Testung von Thermomanagementsystemen. Thermomanagementsysteme sind wesentlicher Bestandteil des Energiemanagementsystems moderner Antriebssysteme. Insbesondere elektrische Antriebskomponenten und [&hellip;]<\/p>\n","protected":false},"author":1,"featured_media":0,"parent":0,"menu_order":0,"comment_status":"closed","ping_status":"closed","template":"","meta":{"footnotes":""},"class_list":["post-1307","page","type-page","status-publish","hentry"],"_links":{"self":[{"href":"https:\/\/tuz-da.de\/en\/wp-json\/wp\/v2\/pages\/1307","targetHints":{"allow":["GET"]}}],"collection":[{"href":"https:\/\/tuz-da.de\/en\/wp-json\/wp\/v2\/pages"}],"about":[{"href":"https:\/\/tuz-da.de\/en\/wp-json\/wp\/v2\/types\/page"}],"author":[{"embeddable":true,"href":"https:\/\/tuz-da.de\/en\/wp-json\/wp\/v2\/users\/1"}],"replies":[{"embeddable":true,"href":"https:\/\/tuz-da.de\/en\/wp-json\/wp\/v2\/comments?post=1307"}],"version-history":[{"count":30,"href":"https:\/\/tuz-da.de\/en\/wp-json\/wp\/v2\/pages\/1307\/revisions"}],"predecessor-version":[{"id":2652,"href":"https:\/\/tuz-da.de\/en\/wp-json\/wp\/v2\/pages\/1307\/revisions\/2652"}],"wp:attachment":[{"href":"https:\/\/tuz-da.de\/en\/wp-json\/wp\/v2\/media?parent=1307"}],"curies":[{"name":"wp","href":"https:\/\/api.w.org\/{rel}","templated":true}]}}